{"id":10841,"date":"2024-02-07T17:17:38","date_gmt":"2024-02-07T16:17:38","guid":{"rendered":"https:\/\/www.signaturebya.com\/?post_type=product&#038;p=10841"},"modified":"2025-04-18T07:31:28","modified_gmt":"2025-04-18T06:31:28","slug":"vase-rhombic-noir-blanc","status":"publish","type":"product","link":"https:\/\/www.signaturebya.com\/?product=vase-rhombic-noir-blanc","title":{"rendered":"Vase &lsquo;Rhombic&rsquo; Noir &#038; Blanc"},"content":{"rendered":"","protected":false},"excerpt":{"rendered":"<p>Tr\u00e8s beaux vases au col en c\u00e9ramique noir. Chic et \u00e9l\u00e9gants.<\/p>\n<p>Dimensions:<\/p>\n<p class=\"p1\">21.5*21.5*19 cm<\/p>\n<p class=\"p1\">19.5*19.5*34.5 cm<\/p>\n","protected":false},"featured_media":10852,"comment_status":"open","ping_status":"closed","template":"","meta":[],"product_cat":[103,105,104,284,110,111],"product_tag":[],"_links":{"self":[{"href":"https:\/\/www.signaturebya.com\/index.php?rest_route=\/wp\/v2\/product\/10841"}],"collection":[{"href":"https:\/\/www.signaturebya.com\/index.php?rest_route=\/wp\/v2\/product"}],"about":[{"href":"https:\/\/www.signaturebya.com\/index.php?rest_route=\/wp\/v2\/types\/product"}],"replies":[{"embeddable":true,"href":"https:\/\/www.signaturebya.com\/index.php?rest_route=%2Fwp%2Fv2%2Fcomments&post=10841"}],"wp:featuredmedia":[{"embeddable":true,"href":"https:\/\/www.signaturebya.com\/index.php?rest_route=\/wp\/v2\/media\/10852"}],"wp:attachment":[{"href":"https:\/\/www.signaturebya.com\/index.php?rest_route=%2Fwp%2Fv2%2Fmedia&parent=10841"}],"wp:term":[{"taxonomy":"product_cat","embeddable":true,"href":"https:\/\/www.signaturebya.com\/index.php?rest_route=%2Fwp%2Fv2%2Fproduct_cat&post=10841"},{"taxonomy":"product_tag","embeddable":true,"href":"https:\/\/www.signaturebya.com\/index.php?rest_route=%2Fwp%2Fv2%2Fproduct_tag&post=10841"}],"curies":[{"name":"wp","href":"https:\/\/api.w.org\/{rel}","templated":true}]}}