{"id":10881,"date":"2024-02-08T07:32:48","date_gmt":"2024-02-08T06:32:48","guid":{"rendered":"https:\/\/www.signaturebya.com\/?post_type=product&#038;p=10881"},"modified":"2025-06-05T08:38:12","modified_gmt":"2025-06-05T07:38:12","slug":"vase-en-verre-a-rayures-noir-blanc","status":"publish","type":"product","link":"https:\/\/www.signaturebya.com\/?product=vase-en-verre-a-rayures-noir-blanc","title":{"rendered":"Vase en Verre \u00e0 Rayures Noires &#038; Blanches"},"content":{"rendered":"","protected":false},"excerpt":{"rendered":"<p>Vases tr\u00e8s \u00e9l\u00e9gants, fins et longs, travaill\u00e9s \u00e0 la main.<\/p>\n<p>Disponibles en deux dimensions:<\/p>\n<p class=\"p1\">11.5*11.5* 46.5 cm<\/p>\n<p class=\"p1\">9*9* 37 cm<\/p>\n","protected":false},"featured_media":10884,"comment_status":"open","ping_status":"closed","template":"","meta":[],"product_cat":[103,105,106,111,112],"product_tag":[],"_links":{"self":[{"href":"https:\/\/www.signaturebya.com\/index.php?rest_route=\/wp\/v2\/product\/10881"}],"collection":[{"href":"https:\/\/www.signaturebya.com\/index.php?rest_route=\/wp\/v2\/product"}],"about":[{"href":"https:\/\/www.signaturebya.com\/index.php?rest_route=\/wp\/v2\/types\/product"}],"replies":[{"embeddable":true,"href":"https:\/\/www.signaturebya.com\/index.php?rest_route=%2Fwp%2Fv2%2Fcomments&post=10881"}],"wp:featuredmedia":[{"embeddable":true,"href":"https:\/\/www.signaturebya.com\/index.php?rest_route=\/wp\/v2\/media\/10884"}],"wp:attachment":[{"href":"https:\/\/www.signaturebya.com\/index.php?rest_route=%2Fwp%2Fv2%2Fmedia&parent=10881"}],"wp:term":[{"taxonomy":"product_cat","embeddable":true,"href":"https:\/\/www.signaturebya.com\/index.php?rest_route=%2Fwp%2Fv2%2Fproduct_cat&post=10881"},{"taxonomy":"product_tag","embeddable":true,"href":"https:\/\/www.signaturebya.com\/index.php?rest_route=%2Fwp%2Fv2%2Fproduct_tag&post=10881"}],"curies":[{"name":"wp","href":"https:\/\/api.w.org\/{rel}","templated":true}]}}