{"id":10896,"date":"2024-02-09T12:49:53","date_gmt":"2024-02-09T11:49:53","guid":{"rendered":"https:\/\/www.signaturebya.com\/?post_type=product&#038;p=10896"},"modified":"2024-10-20T13:31:24","modified_gmt":"2024-10-20T12:31:24","slug":"bougie-parfumee-avec-socle-en-bois-verre","status":"publish","type":"product","link":"https:\/\/www.signaturebya.com\/?product=bougie-parfumee-avec-socle-en-bois-verre","title":{"rendered":"Bougie Parfum\u00e9e avec Socle en Bois &#038; Verre"},"content":{"rendered":"","protected":false},"excerpt":{"rendered":"<p>Plus belle que sur les photos, cette bougie parfum\u00e9e est aussi une pi\u00e8ce d\u00e9corative imposante et chic avec son socle en bois, son couvercle en verre et le d\u00e9tail qui fait la diff\u00e9fence: la petite anse en cuir.<\/p>\n<p>Dimensions:<\/p>\n<p class=\"p1\">13*17cm\/7*8.3 cm<\/p>\n<p>Disponibles en plusieurs coloris, choisissez le votre plus bas:<\/p>\n","protected":false},"featured_media":10907,"comment_status":"open","ping_status":"closed","template":"","meta":[],"product_cat":[103,257],"product_tag":[],"_links":{"self":[{"href":"https:\/\/www.signaturebya.com\/index.php?rest_route=\/wp\/v2\/product\/10896"}],"collection":[{"href":"https:\/\/www.signaturebya.com\/index.php?rest_route=\/wp\/v2\/product"}],"about":[{"href":"https:\/\/www.signaturebya.com\/index.php?rest_route=\/wp\/v2\/types\/product"}],"replies":[{"embeddable":true,"href":"https:\/\/www.signaturebya.com\/index.php?rest_route=%2Fwp%2Fv2%2Fcomments&post=10896"}],"wp:featuredmedia":[{"embeddable":true,"href":"https:\/\/www.signaturebya.com\/index.php?rest_route=\/wp\/v2\/media\/10907"}],"wp:attachment":[{"href":"https:\/\/www.signaturebya.com\/index.php?rest_route=%2Fwp%2Fv2%2Fmedia&parent=10896"}],"wp:term":[{"taxonomy":"product_cat","embeddable":true,"href":"https:\/\/www.signaturebya.com\/index.php?rest_route=%2Fwp%2Fv2%2Fproduct_cat&post=10896"},{"taxonomy":"product_tag","embeddable":true,"href":"https:\/\/www.signaturebya.com\/index.php?rest_route=%2Fwp%2Fv2%2Fproduct_tag&post=10896"}],"curies":[{"name":"wp","href":"https:\/\/api.w.org\/{rel}","templated":true}]}}