{"id":10970,"date":"2024-02-16T12:04:35","date_gmt":"2024-02-16T11:04:35","guid":{"rendered":"https:\/\/www.signaturebya.com\/?post_type=product&#038;p=10970"},"modified":"2024-08-25T18:02:53","modified_gmt":"2024-08-25T17:02:53","slug":"vase-en-verre-a-rayures-noires","status":"publish","type":"product","link":"https:\/\/www.signaturebya.com\/?product=vase-en-verre-a-rayures-noires","title":{"rendered":"Vase en Verre \u00e0 Rayures Noires"},"content":{"rendered":"","protected":false},"excerpt":{"rendered":"<p>De tr\u00e8s jolis vase en verre fin, \u00e0 rayures noires.<\/p>\n<p>Disponibles en deux dimensions:<\/p>\n<p class=\"p1\">15.7*15.7*11.5 cm<\/p>\n<p class=\"p1\">14.2*14.2* 20cm<\/p>\n","protected":false},"featured_media":10979,"comment_status":"open","ping_status":"closed","template":"","meta":[],"product_cat":[103,105,106,111,112],"product_tag":[],"_links":{"self":[{"href":"https:\/\/www.signaturebya.com\/index.php?rest_route=\/wp\/v2\/product\/10970"}],"collection":[{"href":"https:\/\/www.signaturebya.com\/index.php?rest_route=\/wp\/v2\/product"}],"about":[{"href":"https:\/\/www.signaturebya.com\/index.php?rest_route=\/wp\/v2\/types\/product"}],"replies":[{"embeddable":true,"href":"https:\/\/www.signaturebya.com\/index.php?rest_route=%2Fwp%2Fv2%2Fcomments&post=10970"}],"wp:featuredmedia":[{"embeddable":true,"href":"https:\/\/www.signaturebya.com\/index.php?rest_route=\/wp\/v2\/media\/10979"}],"wp:attachment":[{"href":"https:\/\/www.signaturebya.com\/index.php?rest_route=%2Fwp%2Fv2%2Fmedia&parent=10970"}],"wp:term":[{"taxonomy":"product_cat","embeddable":true,"href":"https:\/\/www.signaturebya.com\/index.php?rest_route=%2Fwp%2Fv2%2Fproduct_cat&post=10970"},{"taxonomy":"product_tag","embeddable":true,"href":"https:\/\/www.signaturebya.com\/index.php?rest_route=%2Fwp%2Fv2%2Fproduct_tag&post=10970"}],"curies":[{"name":"wp","href":"https:\/\/api.w.org\/{rel}","templated":true}]}}