{"id":11025,"date":"2024-02-18T11:15:36","date_gmt":"2024-02-18T10:15:36","guid":{"rendered":"https:\/\/www.signaturebya.com\/?post_type=product&#038;p=11025"},"modified":"2024-12-09T12:10:06","modified_gmt":"2024-12-09T11:10:06","slug":"livre-decoratif-collecting-fine-art","status":"publish","type":"product","link":"https:\/\/www.signaturebya.com\/?product=livre-decoratif-collecting-fine-art","title":{"rendered":"Livre d\u00e9coratif &lsquo;Collecting Fine Art&rsquo;"},"content":{"rendered":"","protected":false},"excerpt":{"rendered":"<p>Livres d\u00e9coratifs, simples et beaux. Il s&rsquo;agit de vraies pages imprim\u00e9es, architecture, art etc&#8230;\u00c0 disposer en pile sur une table basse, ou en rang\u00e9es sur une belle biblioth\u00e8que.<\/p>\n<p class=\"p1\">Dimensions : 19*27*2.5 cm<\/p>\n","protected":false},"featured_media":11015,"comment_status":"open","ping_status":"closed","template":"","meta":[],"product_cat":[103,109,112],"product_tag":[],"_links":{"self":[{"href":"https:\/\/www.signaturebya.com\/index.php?rest_route=\/wp\/v2\/product\/11025"}],"collection":[{"href":"https:\/\/www.signaturebya.com\/index.php?rest_route=\/wp\/v2\/product"}],"about":[{"href":"https:\/\/www.signaturebya.com\/index.php?rest_route=\/wp\/v2\/types\/product"}],"replies":[{"embeddable":true,"href":"https:\/\/www.signaturebya.com\/index.php?rest_route=%2Fwp%2Fv2%2Fcomments&post=11025"}],"wp:featuredmedia":[{"embeddable":true,"href":"https:\/\/www.signaturebya.com\/index.php?rest_route=\/wp\/v2\/media\/11015"}],"wp:attachment":[{"href":"https:\/\/www.signaturebya.com\/index.php?rest_route=%2Fwp%2Fv2%2Fmedia&parent=11025"}],"wp:term":[{"taxonomy":"product_cat","embeddable":true,"href":"https:\/\/www.signaturebya.com\/index.php?rest_route=%2Fwp%2Fv2%2Fproduct_cat&post=11025"},{"taxonomy":"product_tag","embeddable":true,"href":"https:\/\/www.signaturebya.com\/index.php?rest_route=%2Fwp%2Fv2%2Fproduct_tag&post=11025"}],"curies":[{"name":"wp","href":"https:\/\/api.w.org\/{rel}","templated":true}]}}