{"id":11026,"date":"2024-02-18T11:18:04","date_gmt":"2024-02-18T10:18:04","guid":{"rendered":"https:\/\/www.signaturebya.com\/?post_type=product&#038;p=11026"},"modified":"2024-10-20T13:31:20","modified_gmt":"2024-10-20T12:31:20","slug":"livre-decoratif-m-c-esher","status":"publish","type":"product","link":"https:\/\/www.signaturebya.com\/?product=livre-decoratif-m-c-esher","title":{"rendered":"Livre d\u00e9coratif &lsquo;M.C. Esher&rsquo;"},"content":{"rendered":"","protected":false},"excerpt":{"rendered":"<p>Livres d\u00e9coratifs, simples et beaux. Il s&rsquo;agit de vraies pages imprim\u00e9es, architecture, art etc&#8230;\u00c0 disposer en pile sur une table basse, ou en rang\u00e9es sur une belle biblioth\u00e8que.<\/p>\n<p class=\"p1\">Dimensions : 19*27*2.5 cm<\/p>\n","protected":false},"featured_media":11019,"comment_status":"open","ping_status":"closed","template":"","meta":[],"product_cat":[103,109,112],"product_tag":[],"_links":{"self":[{"href":"https:\/\/www.signaturebya.com\/index.php?rest_route=\/wp\/v2\/product\/11026"}],"collection":[{"href":"https:\/\/www.signaturebya.com\/index.php?rest_route=\/wp\/v2\/product"}],"about":[{"href":"https:\/\/www.signaturebya.com\/index.php?rest_route=\/wp\/v2\/types\/product"}],"replies":[{"embeddable":true,"href":"https:\/\/www.signaturebya.com\/index.php?rest_route=%2Fwp%2Fv2%2Fcomments&post=11026"}],"wp:featuredmedia":[{"embeddable":true,"href":"https:\/\/www.signaturebya.com\/index.php?rest_route=\/wp\/v2\/media\/11019"}],"wp:attachment":[{"href":"https:\/\/www.signaturebya.com\/index.php?rest_route=%2Fwp%2Fv2%2Fmedia&parent=11026"}],"wp:term":[{"taxonomy":"product_cat","embeddable":true,"href":"https:\/\/www.signaturebya.com\/index.php?rest_route=%2Fwp%2Fv2%2Fproduct_cat&post=11026"},{"taxonomy":"product_tag","embeddable":true,"href":"https:\/\/www.signaturebya.com\/index.php?rest_route=%2Fwp%2Fv2%2Fproduct_tag&post=11026"}],"curies":[{"name":"wp","href":"https:\/\/api.w.org\/{rel}","templated":true}]}}