{"id":11031,"date":"2024-02-19T12:40:03","date_gmt":"2024-02-19T11:40:03","guid":{"rendered":"https:\/\/www.signaturebya.com\/?post_type=product&#038;p=11031"},"modified":"2025-05-09T11:16:18","modified_gmt":"2025-05-09T10:16:18","slug":"serres-livres-en-resine-effet-pierre","status":"publish","type":"product","link":"https:\/\/www.signaturebya.com\/?product=serres-livres-en-resine-effet-pierre","title":{"rendered":"Serres-livres en R\u00e9sine Effet Pierre"},"content":{"rendered":"","protected":false},"excerpt":{"rendered":"<p>Des serres-livres tout \u00e0 fait charmants, mais aussi des objets d\u00e9coratifs \u00e0 effet naturel et minimaliste.<\/p>\n<p>Dimensions:<\/p>\n<p class=\"p1\">26.5*7.5*14 cm<\/p>\n","protected":false},"featured_media":11035,"comment_status":"open","ping_status":"closed","template":"","meta":[],"product_cat":[103,119,105,222,259,284],"product_tag":[114,71,64],"_links":{"self":[{"href":"https:\/\/www.signaturebya.com\/index.php?rest_route=\/wp\/v2\/product\/11031"}],"collection":[{"href":"https:\/\/www.signaturebya.com\/index.php?rest_route=\/wp\/v2\/product"}],"about":[{"href":"https:\/\/www.signaturebya.com\/index.php?rest_route=\/wp\/v2\/types\/product"}],"replies":[{"embeddable":true,"href":"https:\/\/www.signaturebya.com\/index.php?rest_route=%2Fwp%2Fv2%2Fcomments&post=11031"}],"wp:featuredmedia":[{"embeddable":true,"href":"https:\/\/www.signaturebya.com\/index.php?rest_route=\/wp\/v2\/media\/11035"}],"wp:attachment":[{"href":"https:\/\/www.signaturebya.com\/index.php?rest_route=%2Fwp%2Fv2%2Fmedia&parent=11031"}],"wp:term":[{"taxonomy":"product_cat","embeddable":true,"href":"https:\/\/www.signaturebya.com\/index.php?rest_route=%2Fwp%2Fv2%2Fproduct_cat&post=11031"},{"taxonomy":"product_tag","embeddable":true,"href":"https:\/\/www.signaturebya.com\/index.php?rest_route=%2Fwp%2Fv2%2Fproduct_tag&post=11031"}],"curies":[{"name":"wp","href":"https:\/\/api.w.org\/{rel}","templated":true}]}}