{"id":11038,"date":"2024-02-19T13:02:44","date_gmt":"2024-02-19T12:02:44","guid":{"rendered":"https:\/\/www.signaturebya.com\/?post_type=product&#038;p=11038"},"modified":"2024-09-08T21:52:21","modified_gmt":"2024-09-08T20:52:21","slug":"le-fork-vase-en-ceramique","status":"publish","type":"product","link":"https:\/\/www.signaturebya.com\/?product=le-fork-vase-en-ceramique","title":{"rendered":"Le &lsquo;Fork&rsquo; Vase en C\u00e9ramique"},"content":{"rendered":"","protected":false},"excerpt":{"rendered":"<p>Un vase tr\u00e8s original \u00e0 associer absolument avec le bol en c\u00e9ramique de la m\u00eame collection , pour un tr\u00e8s joli rendu.<\/p>\n<p>Dimensions:<\/p>\n<p class=\"p1\">24*8.8* 26 cm<\/p>\n","protected":false},"featured_media":11040,"comment_status":"open","ping_status":"closed","template":"","meta":[],"product_cat":[103,104],"product_tag":[],"_links":{"self":[{"href":"https:\/\/www.signaturebya.com\/index.php?rest_route=\/wp\/v2\/product\/11038"}],"collection":[{"href":"https:\/\/www.signaturebya.com\/index.php?rest_route=\/wp\/v2\/product"}],"about":[{"href":"https:\/\/www.signaturebya.com\/index.php?rest_route=\/wp\/v2\/types\/product"}],"replies":[{"embeddable":true,"href":"https:\/\/www.signaturebya.com\/index.php?rest_route=%2Fwp%2Fv2%2Fcomments&post=11038"}],"wp:featuredmedia":[{"embeddable":true,"href":"https:\/\/www.signaturebya.com\/index.php?rest_route=\/wp\/v2\/media\/11040"}],"wp:attachment":[{"href":"https:\/\/www.signaturebya.com\/index.php?rest_route=%2Fwp%2Fv2%2Fmedia&parent=11038"}],"wp:term":[{"taxonomy":"product_cat","embeddable":true,"href":"https:\/\/www.signaturebya.com\/index.php?rest_route=%2Fwp%2Fv2%2Fproduct_cat&post=11038"},{"taxonomy":"product_tag","embeddable":true,"href":"https:\/\/www.signaturebya.com\/index.php?rest_route=%2Fwp%2Fv2%2Fproduct_tag&post=11038"}],"curies":[{"name":"wp","href":"https:\/\/api.w.org\/{rel}","templated":true}]}}