{"id":11057,"date":"2024-02-19T14:25:16","date_gmt":"2024-02-19T13:25:16","guid":{"rendered":"https:\/\/www.signaturebya.com\/?post_type=product&#038;p=11057"},"modified":"2025-03-05T22:30:00","modified_gmt":"2025-03-05T21:30:00","slug":"boule-decorative-noire-en-resine","status":"publish","type":"product","link":"https:\/\/www.signaturebya.com\/?product=boule-decorative-noire-en-resine","title":{"rendered":"Boule d\u00e9corative Noire en R\u00e9sine"},"content":{"rendered":"","protected":false},"excerpt":{"rendered":"<p>Jolies boules d\u00e9coratives \u00e0 mettre id\u00e9alement dans un vide poche.<\/p>\n<p>Disponibles en deux dimensions:<\/p>\n<p>8*8*8 cm<\/p>\n<p>10*10*10 cm<\/p>\n","protected":false},"featured_media":11060,"comment_status":"open","ping_status":"closed","template":"","meta":[],"product_cat":[103,119,105,112],"product_tag":[],"_links":{"self":[{"href":"https:\/\/www.signaturebya.com\/index.php?rest_route=\/wp\/v2\/product\/11057"}],"collection":[{"href":"https:\/\/www.signaturebya.com\/index.php?rest_route=\/wp\/v2\/product"}],"about":[{"href":"https:\/\/www.signaturebya.com\/index.php?rest_route=\/wp\/v2\/types\/product"}],"replies":[{"embeddable":true,"href":"https:\/\/www.signaturebya.com\/index.php?rest_route=%2Fwp%2Fv2%2Fcomments&post=11057"}],"wp:featuredmedia":[{"embeddable":true,"href":"https:\/\/www.signaturebya.com\/index.php?rest_route=\/wp\/v2\/media\/11060"}],"wp:attachment":[{"href":"https:\/\/www.signaturebya.com\/index.php?rest_route=%2Fwp%2Fv2%2Fmedia&parent=11057"}],"wp:term":[{"taxonomy":"product_cat","embeddable":true,"href":"https:\/\/www.signaturebya.com\/index.php?rest_route=%2Fwp%2Fv2%2Fproduct_cat&post=11057"},{"taxonomy":"product_tag","embeddable":true,"href":"https:\/\/www.signaturebya.com\/index.php?rest_route=%2Fwp%2Fv2%2Fproduct_tag&post=11057"}],"curies":[{"name":"wp","href":"https:\/\/api.w.org\/{rel}","templated":true}]}}