{"id":11077,"date":"2024-02-20T09:12:54","date_gmt":"2024-02-20T08:12:54","guid":{"rendered":"https:\/\/www.signaturebya.com\/?post_type=product&#038;p=11077"},"modified":"2025-05-09T08:30:51","modified_gmt":"2025-05-09T07:30:51","slug":"grand-echiquier-en-marbre-veritable","status":"publish","type":"product","link":"https:\/\/www.signaturebya.com\/?product=grand-echiquier-en-marbre-veritable","title":{"rendered":"Grand \u00c9chiquier en Marbre V\u00e9ritable"},"content":{"rendered":"","protected":false},"excerpt":{"rendered":"<p>Splendide \u00e9chiquier tout en marbre v\u00e9ritable, aux finitions parfaites. Les pions sont en m\u00e9tal pour un tr\u00e8s joli contraste.<\/p>\n<p>Une pi\u00e8ce d&rsquo;art, chic et somptueuse, \u00e0 avoir absolument.<\/p>\n<p>Dimensions:<\/p>\n<p class=\"p1\">40*40*13 cm<\/p>\n","protected":false},"featured_media":11080,"comment_status":"open","ping_status":"closed","template":"","meta":[],"product_cat":[105,284,111,223],"product_tag":[],"_links":{"self":[{"href":"https:\/\/www.signaturebya.com\/index.php?rest_route=\/wp\/v2\/product\/11077"}],"collection":[{"href":"https:\/\/www.signaturebya.com\/index.php?rest_route=\/wp\/v2\/product"}],"about":[{"href":"https:\/\/www.signaturebya.com\/index.php?rest_route=\/wp\/v2\/types\/product"}],"replies":[{"embeddable":true,"href":"https:\/\/www.signaturebya.com\/index.php?rest_route=%2Fwp%2Fv2%2Fcomments&post=11077"}],"wp:featuredmedia":[{"embeddable":true,"href":"https:\/\/www.signaturebya.com\/index.php?rest_route=\/wp\/v2\/media\/11080"}],"wp:attachment":[{"href":"https:\/\/www.signaturebya.com\/index.php?rest_route=%2Fwp%2Fv2%2Fmedia&parent=11077"}],"wp:term":[{"taxonomy":"product_cat","embeddable":true,"href":"https:\/\/www.signaturebya.com\/index.php?rest_route=%2Fwp%2Fv2%2Fproduct_cat&post=11077"},{"taxonomy":"product_tag","embeddable":true,"href":"https:\/\/www.signaturebya.com\/index.php?rest_route=%2Fwp%2Fv2%2Fproduct_tag&post=11077"}],"curies":[{"name":"wp","href":"https:\/\/api.w.org\/{rel}","templated":true}]}}