{"id":11087,"date":"2024-02-21T07:16:32","date_gmt":"2024-02-21T06:16:32","guid":{"rendered":"https:\/\/www.signaturebya.com\/?post_type=product&#038;p=11087"},"modified":"2024-10-03T07:44:51","modified_gmt":"2024-10-03T06:44:51","slug":"cercle-decoratif-en-metal-avec-base-en-marbre","status":"publish","type":"product","link":"https:\/\/www.signaturebya.com\/?product=cercle-decoratif-en-metal-avec-base-en-marbre","title":{"rendered":"Cercle D\u00e9coratif en M\u00e9tal avec Base en Marbre"},"content":{"rendered":"","protected":false},"excerpt":{"rendered":"<p>Un cercle en m\u00e9tal fin, sur une base en marbre. Une combinaison chic et \u00e9l\u00e9gante.<\/p>\n<p>Diam\u00e8tre: 32 cm<\/p>\n<p>&nbsp;<\/p>\n","protected":false},"featured_media":11089,"comment_status":"open","ping_status":"closed","template":"","meta":[],"product_cat":[103,105,223],"product_tag":[],"_links":{"self":[{"href":"https:\/\/www.signaturebya.com\/index.php?rest_route=\/wp\/v2\/product\/11087"}],"collection":[{"href":"https:\/\/www.signaturebya.com\/index.php?rest_route=\/wp\/v2\/product"}],"about":[{"href":"https:\/\/www.signaturebya.com\/index.php?rest_route=\/wp\/v2\/types\/product"}],"replies":[{"embeddable":true,"href":"https:\/\/www.signaturebya.com\/index.php?rest_route=%2Fwp%2Fv2%2Fcomments&post=11087"}],"wp:featuredmedia":[{"embeddable":true,"href":"https:\/\/www.signaturebya.com\/index.php?rest_route=\/wp\/v2\/media\/11089"}],"wp:attachment":[{"href":"https:\/\/www.signaturebya.com\/index.php?rest_route=%2Fwp%2Fv2%2Fmedia&parent=11087"}],"wp:term":[{"taxonomy":"product_cat","embeddable":true,"href":"https:\/\/www.signaturebya.com\/index.php?rest_route=%2Fwp%2Fv2%2Fproduct_cat&post=11087"},{"taxonomy":"product_tag","embeddable":true,"href":"https:\/\/www.signaturebya.com\/index.php?rest_route=%2Fwp%2Fv2%2Fproduct_tag&post=11087"}],"curies":[{"name":"wp","href":"https:\/\/api.w.org\/{rel}","templated":true}]}}