{"id":11094,"date":"2024-02-21T08:18:51","date_gmt":"2024-02-21T07:18:51","guid":{"rendered":"https:\/\/www.signaturebya.com\/?post_type=product&#038;p=11094"},"modified":"2024-06-04T11:41:25","modified_gmt":"2024-06-04T10:41:25","slug":"vase-noir-en-bois","status":"publish","type":"product","link":"https:\/\/www.signaturebya.com\/?product=vase-noir-en-bois","title":{"rendered":"Vase Noir en Bois"},"content":{"rendered":"","protected":false},"excerpt":{"rendered":"<p>Les objets d\u00e9coratifs en bois sont tr\u00e8s tendance cette ann\u00e9e, le vase noir en bois en fait partie.<\/p>\n<p class=\"p1\">16.5*16.5* 25 cm<\/p>\n<p>&nbsp;<\/p>\n","protected":false},"featured_media":11096,"comment_status":"open","ping_status":"closed","template":"","meta":[],"product_cat":[103,238,110,111,112],"product_tag":[],"_links":{"self":[{"href":"https:\/\/www.signaturebya.com\/index.php?rest_route=\/wp\/v2\/product\/11094"}],"collection":[{"href":"https:\/\/www.signaturebya.com\/index.php?rest_route=\/wp\/v2\/product"}],"about":[{"href":"https:\/\/www.signaturebya.com\/index.php?rest_route=\/wp\/v2\/types\/product"}],"replies":[{"embeddable":true,"href":"https:\/\/www.signaturebya.com\/index.php?rest_route=%2Fwp%2Fv2%2Fcomments&post=11094"}],"wp:featuredmedia":[{"embeddable":true,"href":"https:\/\/www.signaturebya.com\/index.php?rest_route=\/wp\/v2\/media\/11096"}],"wp:attachment":[{"href":"https:\/\/www.signaturebya.com\/index.php?rest_route=%2Fwp%2Fv2%2Fmedia&parent=11094"}],"wp:term":[{"taxonomy":"product_cat","embeddable":true,"href":"https:\/\/www.signaturebya.com\/index.php?rest_route=%2Fwp%2Fv2%2Fproduct_cat&post=11094"},{"taxonomy":"product_tag","embeddable":true,"href":"https:\/\/www.signaturebya.com\/index.php?rest_route=%2Fwp%2Fv2%2Fproduct_tag&post=11094"}],"curies":[{"name":"wp","href":"https:\/\/api.w.org\/{rel}","templated":true}]}}