{"id":11129,"date":"2024-03-02T08:40:21","date_gmt":"2024-03-02T07:40:21","guid":{"rendered":"https:\/\/www.signaturebya.com\/?post_type=product&#038;p=11129"},"modified":"2024-10-20T13:31:20","modified_gmt":"2024-10-20T12:31:20","slug":"vase-a-col-plat-effet-vieillit","status":"publish","type":"product","link":"https:\/\/www.signaturebya.com\/?product=vase-a-col-plat-effet-vieillit","title":{"rendered":"Vase \u00e0 Col Plat Effet Vieillit"},"content":{"rendered":"","protected":false},"excerpt":{"rendered":"<p>Vase \u00e0 col large avec un tr\u00e8s bel effet vieillit.<\/p>\n<p>Dimensions:<\/p>\n<p class=\"p1\">22 *7*28.2 cm<\/p>\n","protected":false},"featured_media":11130,"comment_status":"open","ping_status":"closed","template":"","meta":[],"product_cat":[103,104],"product_tag":[],"_links":{"self":[{"href":"https:\/\/www.signaturebya.com\/index.php?rest_route=\/wp\/v2\/product\/11129"}],"collection":[{"href":"https:\/\/www.signaturebya.com\/index.php?rest_route=\/wp\/v2\/product"}],"about":[{"href":"https:\/\/www.signaturebya.com\/index.php?rest_route=\/wp\/v2\/types\/product"}],"replies":[{"embeddable":true,"href":"https:\/\/www.signaturebya.com\/index.php?rest_route=%2Fwp%2Fv2%2Fcomments&post=11129"}],"wp:featuredmedia":[{"embeddable":true,"href":"https:\/\/www.signaturebya.com\/index.php?rest_route=\/wp\/v2\/media\/11130"}],"wp:attachment":[{"href":"https:\/\/www.signaturebya.com\/index.php?rest_route=%2Fwp%2Fv2%2Fmedia&parent=11129"}],"wp:term":[{"taxonomy":"product_cat","embeddable":true,"href":"https:\/\/www.signaturebya.com\/index.php?rest_route=%2Fwp%2Fv2%2Fproduct_cat&post=11129"},{"taxonomy":"product_tag","embeddable":true,"href":"https:\/\/www.signaturebya.com\/index.php?rest_route=%2Fwp%2Fv2%2Fproduct_tag&post=11129"}],"curies":[{"name":"wp","href":"https:\/\/api.w.org\/{rel}","templated":true}]}}