{"id":11132,"date":"2024-03-02T09:07:12","date_gmt":"2024-03-02T08:07:12","guid":{"rendered":"https:\/\/www.signaturebya.com\/?post_type=product&#038;p=11132"},"modified":"2025-07-04T05:50:19","modified_gmt":"2025-07-04T04:50:19","slug":"verre-a-socle-argente","status":"publish","type":"product","link":"https:\/\/www.signaturebya.com\/?product=verre-a-socle-argente","title":{"rendered":"Verre \u00e0 Socle Argent\u00e9"},"content":{"rendered":"","protected":false},"excerpt":{"rendered":"<p>Joli verres \u00e0 socle argent\u00e9, \u00e0 accompagner id\u00e9alement avec la carafe de la m\u00eame collection.<\/p>\n<p>Dimensions:<\/p>\n<p class=\"p1\">8.5*6*8.8 cm<\/p>\n","protected":false},"featured_media":11139,"comment_status":"open","ping_status":"closed","template":"","meta":[],"product_cat":[103,115,106,110,113],"product_tag":[],"_links":{"self":[{"href":"https:\/\/www.signaturebya.com\/index.php?rest_route=\/wp\/v2\/product\/11132"}],"collection":[{"href":"https:\/\/www.signaturebya.com\/index.php?rest_route=\/wp\/v2\/product"}],"about":[{"href":"https:\/\/www.signaturebya.com\/index.php?rest_route=\/wp\/v2\/types\/product"}],"replies":[{"embeddable":true,"href":"https:\/\/www.signaturebya.com\/index.php?rest_route=%2Fwp%2Fv2%2Fcomments&post=11132"}],"wp:featuredmedia":[{"embeddable":true,"href":"https:\/\/www.signaturebya.com\/index.php?rest_route=\/wp\/v2\/media\/11139"}],"wp:attachment":[{"href":"https:\/\/www.signaturebya.com\/index.php?rest_route=%2Fwp%2Fv2%2Fmedia&parent=11132"}],"wp:term":[{"taxonomy":"product_cat","embeddable":true,"href":"https:\/\/www.signaturebya.com\/index.php?rest_route=%2Fwp%2Fv2%2Fproduct_cat&post=11132"},{"taxonomy":"product_tag","embeddable":true,"href":"https:\/\/www.signaturebya.com\/index.php?rest_route=%2Fwp%2Fv2%2Fproduct_tag&post=11132"}],"curies":[{"name":"wp","href":"https:\/\/api.w.org\/{rel}","templated":true}]}}