{"id":11163,"date":"2024-03-04T18:36:53","date_gmt":"2024-03-04T17:36:53","guid":{"rendered":"https:\/\/www.signaturebya.com\/?post_type=product&#038;p=11163"},"modified":"2024-06-29T07:52:40","modified_gmt":"2024-06-29T06:52:40","slug":"carafe-en-verre-a-socle-argente","status":"publish","type":"product","link":"https:\/\/www.signaturebya.com\/?product=carafe-en-verre-a-socle-argente","title":{"rendered":"Carafe en Verre \u00e0 Socle Argent\u00e9"},"content":{"rendered":"","protected":false},"excerpt":{"rendered":"<p>Belle carafe en verre avec le couvercle argent\u00e9<\/p>\n<p>Dimensions:<\/p>\n<p class=\"p1\">14.5*7.5* 27 cm<\/p>\n","protected":false},"featured_media":11138,"comment_status":"open","ping_status":"closed","template":"","meta":[],"product_cat":[103,115,106,110,113],"product_tag":[],"_links":{"self":[{"href":"https:\/\/www.signaturebya.com\/index.php?rest_route=\/wp\/v2\/product\/11163"}],"collection":[{"href":"https:\/\/www.signaturebya.com\/index.php?rest_route=\/wp\/v2\/product"}],"about":[{"href":"https:\/\/www.signaturebya.com\/index.php?rest_route=\/wp\/v2\/types\/product"}],"replies":[{"embeddable":true,"href":"https:\/\/www.signaturebya.com\/index.php?rest_route=%2Fwp%2Fv2%2Fcomments&post=11163"}],"wp:featuredmedia":[{"embeddable":true,"href":"https:\/\/www.signaturebya.com\/index.php?rest_route=\/wp\/v2\/media\/11138"}],"wp:attachment":[{"href":"https:\/\/www.signaturebya.com\/index.php?rest_route=%2Fwp%2Fv2%2Fmedia&parent=11163"}],"wp:term":[{"taxonomy":"product_cat","embeddable":true,"href":"https:\/\/www.signaturebya.com\/index.php?rest_route=%2Fwp%2Fv2%2Fproduct_cat&post=11163"},{"taxonomy":"product_tag","embeddable":true,"href":"https:\/\/www.signaturebya.com\/index.php?rest_route=%2Fwp%2Fv2%2Fproduct_tag&post=11163"}],"curies":[{"name":"wp","href":"https:\/\/api.w.org\/{rel}","templated":true}]}}