{"id":11174,"date":"2024-03-04T19:12:33","date_gmt":"2024-03-04T18:12:33","guid":{"rendered":"https:\/\/www.signaturebya.com\/?post_type=product&#038;p=11174"},"modified":"2025-07-04T05:50:20","modified_gmt":"2025-07-04T04:50:20","slug":"plateau-cloud-en-metal-argente","status":"publish","type":"product","link":"https:\/\/www.signaturebya.com\/?product=plateau-cloud-en-metal-argente","title":{"rendered":"Plateau &lsquo;Cloud&rsquo; en M\u00e9tal Argent\u00e9"},"content":{"rendered":"","protected":false},"excerpt":{"rendered":"<p>Somptueux plateau en m\u00e9tal argent\u00e9.<\/p>\n<p class=\"p1\">41.7*27*3 cm<\/p>\n","protected":false},"featured_media":11178,"comment_status":"open","ping_status":"closed","template":"","meta":[],"product_cat":[103,115,110,188],"product_tag":[],"_links":{"self":[{"href":"https:\/\/www.signaturebya.com\/index.php?rest_route=\/wp\/v2\/product\/11174"}],"collection":[{"href":"https:\/\/www.signaturebya.com\/index.php?rest_route=\/wp\/v2\/product"}],"about":[{"href":"https:\/\/www.signaturebya.com\/index.php?rest_route=\/wp\/v2\/types\/product"}],"replies":[{"embeddable":true,"href":"https:\/\/www.signaturebya.com\/index.php?rest_route=%2Fwp%2Fv2%2Fcomments&post=11174"}],"wp:featuredmedia":[{"embeddable":true,"href":"https:\/\/www.signaturebya.com\/index.php?rest_route=\/wp\/v2\/media\/11178"}],"wp:attachment":[{"href":"https:\/\/www.signaturebya.com\/index.php?rest_route=%2Fwp%2Fv2%2Fmedia&parent=11174"}],"wp:term":[{"taxonomy":"product_cat","embeddable":true,"href":"https:\/\/www.signaturebya.com\/index.php?rest_route=%2Fwp%2Fv2%2Fproduct_cat&post=11174"},{"taxonomy":"product_tag","embeddable":true,"href":"https:\/\/www.signaturebya.com\/index.php?rest_route=%2Fwp%2Fv2%2Fproduct_tag&post=11174"}],"curies":[{"name":"wp","href":"https:\/\/api.w.org\/{rel}","templated":true}]}}