{"id":11221,"date":"2024-05-05T13:07:03","date_gmt":"2024-05-05T12:07:03","guid":{"rendered":"https:\/\/www.signaturebya.com\/?post_type=product&#038;p=11221"},"modified":"2024-06-20T20:26:46","modified_gmt":"2024-06-20T19:26:46","slug":"vase-en-verre-peint-a-la-main","status":"publish","type":"product","link":"https:\/\/www.signaturebya.com\/?product=vase-en-verre-peint-a-la-main","title":{"rendered":"Vase en Verre Peint \u00e0 la Main"},"content":{"rendered":"","protected":false},"excerpt":{"rendered":"<p>De tr\u00e8s beaux vases en verre, peints \u00e0 la main.<\/p>\n<p>Disponibles en deux dimensions:<\/p>\n<p>14*14* 20 cm<\/p>\n<p>18*18* 27 cm<\/p>\n<p>&nbsp;<\/p>\n","protected":false},"featured_media":11225,"comment_status":"open","ping_status":"closed","template":"","meta":[],"product_cat":[103,106],"product_tag":[],"_links":{"self":[{"href":"https:\/\/www.signaturebya.com\/index.php?rest_route=\/wp\/v2\/product\/11221"}],"collection":[{"href":"https:\/\/www.signaturebya.com\/index.php?rest_route=\/wp\/v2\/product"}],"about":[{"href":"https:\/\/www.signaturebya.com\/index.php?rest_route=\/wp\/v2\/types\/product"}],"replies":[{"embeddable":true,"href":"https:\/\/www.signaturebya.com\/index.php?rest_route=%2Fwp%2Fv2%2Fcomments&post=11221"}],"wp:featuredmedia":[{"embeddable":true,"href":"https:\/\/www.signaturebya.com\/index.php?rest_route=\/wp\/v2\/media\/11225"}],"wp:attachment":[{"href":"https:\/\/www.signaturebya.com\/index.php?rest_route=%2Fwp%2Fv2%2Fmedia&parent=11221"}],"wp:term":[{"taxonomy":"product_cat","embeddable":true,"href":"https:\/\/www.signaturebya.com\/index.php?rest_route=%2Fwp%2Fv2%2Fproduct_cat&post=11221"},{"taxonomy":"product_tag","embeddable":true,"href":"https:\/\/www.signaturebya.com\/index.php?rest_route=%2Fwp%2Fv2%2Fproduct_tag&post=11221"}],"curies":[{"name":"wp","href":"https:\/\/api.w.org\/{rel}","templated":true}]}}