{"id":11243,"date":"2024-06-20T18:07:41","date_gmt":"2024-06-20T17:07:41","guid":{"rendered":"https:\/\/www.signaturebya.com\/?post_type=product&#038;p=11243"},"modified":"2024-12-21T17:47:38","modified_gmt":"2024-12-21T16:47:38","slug":"sculpture-torsadee-bronze","status":"publish","type":"product","link":"https:\/\/www.signaturebya.com\/?product=sculpture-torsadee-bronze","title":{"rendered":"Sculpture Torsad\u00e9e Blanche en R\u00e9sine"},"content":{"rendered":"","protected":false},"excerpt":{"rendered":"<p>Magnifique Sculpture bronze en r\u00e9sine.<\/p>\n<p>Dimensions: 35*15* 45,5 cm<\/p>\n","protected":false},"featured_media":11389,"comment_status":"open","ping_status":"closed","template":"","meta":[],"product_cat":[103,105,222,284,110,111],"product_tag":[],"_links":{"self":[{"href":"https:\/\/www.signaturebya.com\/index.php?rest_route=\/wp\/v2\/product\/11243"}],"collection":[{"href":"https:\/\/www.signaturebya.com\/index.php?rest_route=\/wp\/v2\/product"}],"about":[{"href":"https:\/\/www.signaturebya.com\/index.php?rest_route=\/wp\/v2\/types\/product"}],"replies":[{"embeddable":true,"href":"https:\/\/www.signaturebya.com\/index.php?rest_route=%2Fwp%2Fv2%2Fcomments&post=11243"}],"wp:featuredmedia":[{"embeddable":true,"href":"https:\/\/www.signaturebya.com\/index.php?rest_route=\/wp\/v2\/media\/11389"}],"wp:attachment":[{"href":"https:\/\/www.signaturebya.com\/index.php?rest_route=%2Fwp%2Fv2%2Fmedia&parent=11243"}],"wp:term":[{"taxonomy":"product_cat","embeddable":true,"href":"https:\/\/www.signaturebya.com\/index.php?rest_route=%2Fwp%2Fv2%2Fproduct_cat&post=11243"},{"taxonomy":"product_tag","embeddable":true,"href":"https:\/\/www.signaturebya.com\/index.php?rest_route=%2Fwp%2Fv2%2Fproduct_tag&post=11243"}],"curies":[{"name":"wp","href":"https:\/\/api.w.org\/{rel}","templated":true}]}}