{"id":11249,"date":"2024-06-20T20:18:27","date_gmt":"2024-06-20T19:18:27","guid":{"rendered":"https:\/\/www.signaturebya.com\/?post_type=product&#038;p=11249"},"modified":"2024-06-20T20:22:23","modified_gmt":"2024-06-20T19:22:23","slug":"multi-cercle-en-verre","status":"publish","type":"product","link":"https:\/\/www.signaturebya.com\/?product=multi-cercle-en-verre","title":{"rendered":"Multi-Cercles en Verre"},"content":{"rendered":"","protected":false},"excerpt":{"rendered":"<p>Tr\u00e8s jolie pi\u00e8ce d\u00e9corative en verre multi-cercles, unique et \u00e9l\u00e9gante.<\/p>\n<p>Dimensions:\u00a0 24.5*18*26.5 cm<\/p>\n","protected":false},"featured_media":11250,"comment_status":"open","ping_status":"closed","template":"","meta":[],"product_cat":[103,106],"product_tag":[],"_links":{"self":[{"href":"https:\/\/www.signaturebya.com\/index.php?rest_route=\/wp\/v2\/product\/11249"}],"collection":[{"href":"https:\/\/www.signaturebya.com\/index.php?rest_route=\/wp\/v2\/product"}],"about":[{"href":"https:\/\/www.signaturebya.com\/index.php?rest_route=\/wp\/v2\/types\/product"}],"replies":[{"embeddable":true,"href":"https:\/\/www.signaturebya.com\/index.php?rest_route=%2Fwp%2Fv2%2Fcomments&post=11249"}],"wp:featuredmedia":[{"embeddable":true,"href":"https:\/\/www.signaturebya.com\/index.php?rest_route=\/wp\/v2\/media\/11250"}],"wp:attachment":[{"href":"https:\/\/www.signaturebya.com\/index.php?rest_route=%2Fwp%2Fv2%2Fmedia&parent=11249"}],"wp:term":[{"taxonomy":"product_cat","embeddable":true,"href":"https:\/\/www.signaturebya.com\/index.php?rest_route=%2Fwp%2Fv2%2Fproduct_cat&post=11249"},{"taxonomy":"product_tag","embeddable":true,"href":"https:\/\/www.signaturebya.com\/index.php?rest_route=%2Fwp%2Fv2%2Fproduct_tag&post=11249"}],"curies":[{"name":"wp","href":"https:\/\/api.w.org\/{rel}","templated":true}]}}