{"id":11278,"date":"2024-08-28T07:49:20","date_gmt":"2024-08-28T06:49:20","guid":{"rendered":"https:\/\/www.signaturebya.com\/?post_type=product&#038;p=11278"},"modified":"2024-09-27T16:00:24","modified_gmt":"2024-09-27T15:00:24","slug":"le-wise-man-en-ceramique-a","status":"publish","type":"product","link":"https:\/\/www.signaturebya.com\/?product=le-wise-man-en-ceramique-a","title":{"rendered":"Le &lsquo;Wise Man&rsquo; en c\u00e9ramique A"},"content":{"rendered":"","protected":false},"excerpt":{"rendered":"<p>Le &lsquo;Wise Man A&rsquo; en c\u00e9ramique peut \u00eatre pos\u00e9 sur un livre d\u00e9coratif, ou en tant que serre-livres si associ\u00e9 au &lsquo;wise man&rsquo; B.<\/p>\n<p>Dimensions:<\/p>\n<p class=\"p1\">19*9*28.5 cm<\/p>\n<p>&nbsp;<\/p>\n","protected":false},"featured_media":11280,"comment_status":"open","ping_status":"closed","template":"","meta":[],"product_cat":[103,105,259,284],"product_tag":[],"_links":{"self":[{"href":"https:\/\/www.signaturebya.com\/index.php?rest_route=\/wp\/v2\/product\/11278"}],"collection":[{"href":"https:\/\/www.signaturebya.com\/index.php?rest_route=\/wp\/v2\/product"}],"about":[{"href":"https:\/\/www.signaturebya.com\/index.php?rest_route=\/wp\/v2\/types\/product"}],"replies":[{"embeddable":true,"href":"https:\/\/www.signaturebya.com\/index.php?rest_route=%2Fwp%2Fv2%2Fcomments&post=11278"}],"wp:featuredmedia":[{"embeddable":true,"href":"https:\/\/www.signaturebya.com\/index.php?rest_route=\/wp\/v2\/media\/11280"}],"wp:attachment":[{"href":"https:\/\/www.signaturebya.com\/index.php?rest_route=%2Fwp%2Fv2%2Fmedia&parent=11278"}],"wp:term":[{"taxonomy":"product_cat","embeddable":true,"href":"https:\/\/www.signaturebya.com\/index.php?rest_route=%2Fwp%2Fv2%2Fproduct_cat&post=11278"},{"taxonomy":"product_tag","embeddable":true,"href":"https:\/\/www.signaturebya.com\/index.php?rest_route=%2Fwp%2Fv2%2Fproduct_tag&post=11278"}],"curies":[{"name":"wp","href":"https:\/\/api.w.org\/{rel}","templated":true}]}}