{"id":11288,"date":"2024-08-28T07:51:21","date_gmt":"2024-08-28T06:51:21","guid":{"rendered":"https:\/\/www.signaturebya.com\/?post_type=product&#038;p=11288"},"modified":"2024-09-27T16:00:23","modified_gmt":"2024-09-27T15:00:23","slug":"le-wise-man-en-ceramique-b","status":"publish","type":"product","link":"https:\/\/www.signaturebya.com\/?product=le-wise-man-en-ceramique-b","title":{"rendered":"Le &lsquo;Wise Man&rsquo; en c\u00e9ramique B"},"content":{"rendered":"","protected":false},"excerpt":{"rendered":"<p>Le &lsquo;Wise Man B&rsquo; en c\u00e9ramique peut \u00eatre pos\u00e9 sur un livre d\u00e9coratif, ou en tant que serre-livres si associ\u00e9 au &lsquo;wise man&rsquo; A.<\/p>\n<p>Dimensions:<\/p>\n<p class=\"p1\">16.5*7*23.5 cm<\/p>\n<p>&nbsp;<\/p>\n","protected":false},"featured_media":11290,"comment_status":"open","ping_status":"closed","template":"","meta":[],"product_cat":[103,105,259,284],"product_tag":[],"_links":{"self":[{"href":"https:\/\/www.signaturebya.com\/index.php?rest_route=\/wp\/v2\/product\/11288"}],"collection":[{"href":"https:\/\/www.signaturebya.com\/index.php?rest_route=\/wp\/v2\/product"}],"about":[{"href":"https:\/\/www.signaturebya.com\/index.php?rest_route=\/wp\/v2\/types\/product"}],"replies":[{"embeddable":true,"href":"https:\/\/www.signaturebya.com\/index.php?rest_route=%2Fwp%2Fv2%2Fcomments&post=11288"}],"wp:featuredmedia":[{"embeddable":true,"href":"https:\/\/www.signaturebya.com\/index.php?rest_route=\/wp\/v2\/media\/11290"}],"wp:attachment":[{"href":"https:\/\/www.signaturebya.com\/index.php?rest_route=%2Fwp%2Fv2%2Fmedia&parent=11288"}],"wp:term":[{"taxonomy":"product_cat","embeddable":true,"href":"https:\/\/www.signaturebya.com\/index.php?rest_route=%2Fwp%2Fv2%2Fproduct_cat&post=11288"},{"taxonomy":"product_tag","embeddable":true,"href":"https:\/\/www.signaturebya.com\/index.php?rest_route=%2Fwp%2Fv2%2Fproduct_tag&post=11288"}],"curies":[{"name":"wp","href":"https:\/\/api.w.org\/{rel}","templated":true}]}}