{"id":11320,"date":"2024-08-28T20:51:07","date_gmt":"2024-08-28T19:51:07","guid":{"rendered":"https:\/\/www.signaturebya.com\/?post_type=product&#038;p=11320"},"modified":"2025-03-07T20:34:44","modified_gmt":"2025-03-07T19:34:44","slug":"noeud-torsade-en-bois","status":"publish","type":"product","link":"https:\/\/www.signaturebya.com\/?product=noeud-torsade-en-bois","title":{"rendered":"Noeud Torsad\u00e9 en Bois"},"content":{"rendered":"","protected":false},"excerpt":{"rendered":"<p>Tr\u00e8s joli noeud en bois d\u00e9coratif \u00e0 mettre sur des livres sur une table basse.<\/p>\n<p>Dimensions:<\/p>\n<p class=\"p1\">14.5*14.5*11.5 cm<\/p>\n<p>&nbsp;<\/p>\n","protected":false},"featured_media":11324,"comment_status":"open","ping_status":"closed","template":"","meta":[],"product_cat":[103,105,238,284],"product_tag":[],"_links":{"self":[{"href":"https:\/\/www.signaturebya.com\/index.php?rest_route=\/wp\/v2\/product\/11320"}],"collection":[{"href":"https:\/\/www.signaturebya.com\/index.php?rest_route=\/wp\/v2\/product"}],"about":[{"href":"https:\/\/www.signaturebya.com\/index.php?rest_route=\/wp\/v2\/types\/product"}],"replies":[{"embeddable":true,"href":"https:\/\/www.signaturebya.com\/index.php?rest_route=%2Fwp%2Fv2%2Fcomments&post=11320"}],"wp:featuredmedia":[{"embeddable":true,"href":"https:\/\/www.signaturebya.com\/index.php?rest_route=\/wp\/v2\/media\/11324"}],"wp:attachment":[{"href":"https:\/\/www.signaturebya.com\/index.php?rest_route=%2Fwp%2Fv2%2Fmedia&parent=11320"}],"wp:term":[{"taxonomy":"product_cat","embeddable":true,"href":"https:\/\/www.signaturebya.com\/index.php?rest_route=%2Fwp%2Fv2%2Fproduct_cat&post=11320"},{"taxonomy":"product_tag","embeddable":true,"href":"https:\/\/www.signaturebya.com\/index.php?rest_route=%2Fwp%2Fv2%2Fproduct_tag&post=11320"}],"curies":[{"name":"wp","href":"https:\/\/api.w.org\/{rel}","templated":true}]}}