{"id":11353,"date":"2024-09-01T09:47:40","date_gmt":"2024-09-01T08:47:40","guid":{"rendered":"https:\/\/www.signaturebya.com\/?post_type=product&#038;p=11353"},"modified":"2025-05-09T08:30:48","modified_gmt":"2025-05-09T07:30:48","slug":"le-silver-horse-en-resine","status":"publish","type":"product","link":"https:\/\/www.signaturebya.com\/?product=le-silver-horse-en-resine","title":{"rendered":"Le &lsquo;Silver Horse&rsquo; en R\u00e9sine"},"content":{"rendered":"","protected":false},"excerpt":{"rendered":"<p>Fine &amp; \u00e9l\u00e9gante, cette statuette &lsquo;Silver horse&rsquo; en r\u00e9sine est id\u00e9ale pour offrir, disposer sur une console ou dans une niche de biblioth\u00e8que.<\/p>\n<p>Dimensions:<\/p>\n<p class=\"p1\">32.5*8.4*41.5 cm<\/p>\n","protected":false},"featured_media":11356,"comment_status":"open","ping_status":"closed","template":"","meta":[],"product_cat":[103,222,284,188],"product_tag":[],"_links":{"self":[{"href":"https:\/\/www.signaturebya.com\/index.php?rest_route=\/wp\/v2\/product\/11353"}],"collection":[{"href":"https:\/\/www.signaturebya.com\/index.php?rest_route=\/wp\/v2\/product"}],"about":[{"href":"https:\/\/www.signaturebya.com\/index.php?rest_route=\/wp\/v2\/types\/product"}],"replies":[{"embeddable":true,"href":"https:\/\/www.signaturebya.com\/index.php?rest_route=%2Fwp%2Fv2%2Fcomments&post=11353"}],"wp:featuredmedia":[{"embeddable":true,"href":"https:\/\/www.signaturebya.com\/index.php?rest_route=\/wp\/v2\/media\/11356"}],"wp:attachment":[{"href":"https:\/\/www.signaturebya.com\/index.php?rest_route=%2Fwp%2Fv2%2Fmedia&parent=11353"}],"wp:term":[{"taxonomy":"product_cat","embeddable":true,"href":"https:\/\/www.signaturebya.com\/index.php?rest_route=%2Fwp%2Fv2%2Fproduct_cat&post=11353"},{"taxonomy":"product_tag","embeddable":true,"href":"https:\/\/www.signaturebya.com\/index.php?rest_route=%2Fwp%2Fv2%2Fproduct_tag&post=11353"}],"curies":[{"name":"wp","href":"https:\/\/api.w.org\/{rel}","templated":true}]}}