{"id":11357,"date":"2024-09-01T10:03:55","date_gmt":"2024-09-01T09:03:55","guid":{"rendered":"https:\/\/www.signaturebya.com\/?post_type=product&#038;p=11357"},"modified":"2024-09-01T10:04:25","modified_gmt":"2024-09-01T09:04:25","slug":"satuette-en-resine-avec-boule-en-cristal","status":"publish","type":"product","link":"https:\/\/www.signaturebya.com\/?product=satuette-en-resine-avec-boule-en-cristal","title":{"rendered":"Satuette en R\u00e9sine avec Boule en Cristal"},"content":{"rendered":"","protected":false},"excerpt":{"rendered":"<p>Tr\u00e8s jolie statuette en r\u00e9sine avec boule en cristal.<\/p>\n<p>Dimensions:<\/p>\n<p class=\"p1\">28*18* 33 cm<\/p>\n","protected":false},"featured_media":11360,"comment_status":"open","ping_status":"closed","template":"","meta":[],"product_cat":[103,119,222,284],"product_tag":[],"_links":{"self":[{"href":"https:\/\/www.signaturebya.com\/index.php?rest_route=\/wp\/v2\/product\/11357"}],"collection":[{"href":"https:\/\/www.signaturebya.com\/index.php?rest_route=\/wp\/v2\/product"}],"about":[{"href":"https:\/\/www.signaturebya.com\/index.php?rest_route=\/wp\/v2\/types\/product"}],"replies":[{"embeddable":true,"href":"https:\/\/www.signaturebya.com\/index.php?rest_route=%2Fwp%2Fv2%2Fcomments&post=11357"}],"wp:featuredmedia":[{"embeddable":true,"href":"https:\/\/www.signaturebya.com\/index.php?rest_route=\/wp\/v2\/media\/11360"}],"wp:attachment":[{"href":"https:\/\/www.signaturebya.com\/index.php?rest_route=%2Fwp%2Fv2%2Fmedia&parent=11357"}],"wp:term":[{"taxonomy":"product_cat","embeddable":true,"href":"https:\/\/www.signaturebya.com\/index.php?rest_route=%2Fwp%2Fv2%2Fproduct_cat&post=11357"},{"taxonomy":"product_tag","embeddable":true,"href":"https:\/\/www.signaturebya.com\/index.php?rest_route=%2Fwp%2Fv2%2Fproduct_tag&post=11357"}],"curies":[{"name":"wp","href":"https:\/\/api.w.org\/{rel}","templated":true}]}}