{"id":11368,"date":"2024-09-01T10:19:37","date_gmt":"2024-09-01T09:19:37","guid":{"rendered":"https:\/\/www.signaturebya.com\/?post_type=product&#038;p=11368"},"modified":"2025-06-02T07:24:34","modified_gmt":"2025-06-02T06:24:34","slug":"noeud-torsade-en-bois-noir","status":"publish","type":"product","link":"https:\/\/www.signaturebya.com\/?product=noeud-torsade-en-bois-noir","title":{"rendered":"Noeud Torsad\u00e9 en Bois Noir"},"content":{"rendered":"","protected":false},"excerpt":{"rendered":"<p>Tr\u00e8s joli noeud en bois d\u00e9coratif \u00e0 mettre sur des livres sur une table basse.<\/p>\n<p>Dimensions:<\/p>\n<p class=\"p1\">14.5*14.5*11.5 cm<\/p>\n<p>&nbsp;<\/p>\n","protected":false},"featured_media":11322,"comment_status":"open","ping_status":"closed","template":"","meta":[],"product_cat":[103,105,238,284,112],"product_tag":[],"_links":{"self":[{"href":"https:\/\/www.signaturebya.com\/index.php?rest_route=\/wp\/v2\/product\/11368"}],"collection":[{"href":"https:\/\/www.signaturebya.com\/index.php?rest_route=\/wp\/v2\/product"}],"about":[{"href":"https:\/\/www.signaturebya.com\/index.php?rest_route=\/wp\/v2\/types\/product"}],"replies":[{"embeddable":true,"href":"https:\/\/www.signaturebya.com\/index.php?rest_route=%2Fwp%2Fv2%2Fcomments&post=11368"}],"wp:featuredmedia":[{"embeddable":true,"href":"https:\/\/www.signaturebya.com\/index.php?rest_route=\/wp\/v2\/media\/11322"}],"wp:attachment":[{"href":"https:\/\/www.signaturebya.com\/index.php?rest_route=%2Fwp%2Fv2%2Fmedia&parent=11368"}],"wp:term":[{"taxonomy":"product_cat","embeddable":true,"href":"https:\/\/www.signaturebya.com\/index.php?rest_route=%2Fwp%2Fv2%2Fproduct_cat&post=11368"},{"taxonomy":"product_tag","embeddable":true,"href":"https:\/\/www.signaturebya.com\/index.php?rest_route=%2Fwp%2Fv2%2Fproduct_tag&post=11368"}],"curies":[{"name":"wp","href":"https:\/\/api.w.org\/{rel}","templated":true}]}}