{"id":11386,"date":"2024-09-01T16:47:39","date_gmt":"2024-09-01T15:47:39","guid":{"rendered":"https:\/\/www.signaturebya.com\/?post_type=product&#038;p=11386"},"modified":"2025-06-05T08:38:06","modified_gmt":"2025-06-05T07:38:06","slug":"le-face-book-blanc-en-resine","status":"publish","type":"product","link":"https:\/\/www.signaturebya.com\/?product=le-face-book-blanc-en-resine","title":{"rendered":"Le &lsquo;Face Book&rsquo; Blanc en R\u00e9sine"},"content":{"rendered":"","protected":false},"excerpt":{"rendered":"<p>The &lsquo;Face Book&rsquo;, en r\u00e9sine est un objet d&rsquo;art moderne \u00e0 avoir absolument chez soi.<\/p>\n<p class=\"p1\">Dimensions: 22*14*30 cm<\/p>\n","protected":false},"featured_media":11384,"comment_status":"open","ping_status":"closed","template":"","meta":[],"product_cat":[103,119,105,284],"product_tag":[],"_links":{"self":[{"href":"https:\/\/www.signaturebya.com\/index.php?rest_route=\/wp\/v2\/product\/11386"}],"collection":[{"href":"https:\/\/www.signaturebya.com\/index.php?rest_route=\/wp\/v2\/product"}],"about":[{"href":"https:\/\/www.signaturebya.com\/index.php?rest_route=\/wp\/v2\/types\/product"}],"replies":[{"embeddable":true,"href":"https:\/\/www.signaturebya.com\/index.php?rest_route=%2Fwp%2Fv2%2Fcomments&post=11386"}],"wp:featuredmedia":[{"embeddable":true,"href":"https:\/\/www.signaturebya.com\/index.php?rest_route=\/wp\/v2\/media\/11384"}],"wp:attachment":[{"href":"https:\/\/www.signaturebya.com\/index.php?rest_route=%2Fwp%2Fv2%2Fmedia&parent=11386"}],"wp:term":[{"taxonomy":"product_cat","embeddable":true,"href":"https:\/\/www.signaturebya.com\/index.php?rest_route=%2Fwp%2Fv2%2Fproduct_cat&post=11386"},{"taxonomy":"product_tag","embeddable":true,"href":"https:\/\/www.signaturebya.com\/index.php?rest_route=%2Fwp%2Fv2%2Fproduct_tag&post=11386"}],"curies":[{"name":"wp","href":"https:\/\/api.w.org\/{rel}","templated":true}]}}