{"id":11404,"date":"2024-09-02T08:08:17","date_gmt":"2024-09-02T07:08:17","guid":{"rendered":"https:\/\/www.signaturebya.com\/?post_type=product&#038;p=11404"},"modified":"2024-09-02T08:08:44","modified_gmt":"2024-09-02T07:08:44","slug":"poire-a-5-couleurs-en-ceramique","status":"publish","type":"product","link":"https:\/\/www.signaturebya.com\/?product=poire-a-5-couleurs-en-ceramique","title":{"rendered":"Poire \u00e0 5 couleurs en C\u00e9ramique"},"content":{"rendered":"","protected":false},"excerpt":{"rendered":"<p>Objet d\u00e9coratif color\u00e9 et original.<\/p>\n<p>Dimensions:<\/p>\n<p class=\"p1\">\u00a013*13*24 cm<\/p>\n","protected":false},"featured_media":11414,"comment_status":"open","ping_status":"closed","template":"","meta":[],"product_cat":[103,105,284],"product_tag":[],"_links":{"self":[{"href":"https:\/\/www.signaturebya.com\/index.php?rest_route=\/wp\/v2\/product\/11404"}],"collection":[{"href":"https:\/\/www.signaturebya.com\/index.php?rest_route=\/wp\/v2\/product"}],"about":[{"href":"https:\/\/www.signaturebya.com\/index.php?rest_route=\/wp\/v2\/types\/product"}],"replies":[{"embeddable":true,"href":"https:\/\/www.signaturebya.com\/index.php?rest_route=%2Fwp%2Fv2%2Fcomments&post=11404"}],"wp:featuredmedia":[{"embeddable":true,"href":"https:\/\/www.signaturebya.com\/index.php?rest_route=\/wp\/v2\/media\/11414"}],"wp:attachment":[{"href":"https:\/\/www.signaturebya.com\/index.php?rest_route=%2Fwp%2Fv2%2Fmedia&parent=11404"}],"wp:term":[{"taxonomy":"product_cat","embeddable":true,"href":"https:\/\/www.signaturebya.com\/index.php?rest_route=%2Fwp%2Fv2%2Fproduct_cat&post=11404"},{"taxonomy":"product_tag","embeddable":true,"href":"https:\/\/www.signaturebya.com\/index.php?rest_route=%2Fwp%2Fv2%2Fproduct_tag&post=11404"}],"curies":[{"name":"wp","href":"https:\/\/api.w.org\/{rel}","templated":true}]}}