{"id":11419,"date":"2024-09-02T08:09:20","date_gmt":"2024-09-02T07:09:20","guid":{"rendered":"https:\/\/www.signaturebya.com\/?post_type=product&#038;p=11419"},"modified":"2026-04-06T09:48:12","modified_gmt":"2026-04-06T08:48:12","slug":"la-peace-apple-en-ceramique","status":"publish","type":"product","link":"https:\/\/www.signaturebya.com\/?product=la-peace-apple-en-ceramique","title":{"rendered":"La &lsquo;Peace&rsquo; Apple en C\u00e9ramique"},"content":{"rendered":"","protected":false},"excerpt":{"rendered":"<p>Objet d\u00e9coratif color\u00e9 et original.<\/p>\n<p>Dimensions:<\/p>\n<p class=\"p1\">13.5*13.5*16.5 cm<\/p>\n","protected":false},"featured_media":11412,"comment_status":"open","ping_status":"closed","template":"","meta":[],"product_cat":[103,105,284],"product_tag":[],"_links":{"self":[{"href":"https:\/\/www.signaturebya.com\/index.php?rest_route=\/wp\/v2\/product\/11419"}],"collection":[{"href":"https:\/\/www.signaturebya.com\/index.php?rest_route=\/wp\/v2\/product"}],"about":[{"href":"https:\/\/www.signaturebya.com\/index.php?rest_route=\/wp\/v2\/types\/product"}],"replies":[{"embeddable":true,"href":"https:\/\/www.signaturebya.com\/index.php?rest_route=%2Fwp%2Fv2%2Fcomments&post=11419"}],"wp:featuredmedia":[{"embeddable":true,"href":"https:\/\/www.signaturebya.com\/index.php?rest_route=\/wp\/v2\/media\/11412"}],"wp:attachment":[{"href":"https:\/\/www.signaturebya.com\/index.php?rest_route=%2Fwp%2Fv2%2Fmedia&parent=11419"}],"wp:term":[{"taxonomy":"product_cat","embeddable":true,"href":"https:\/\/www.signaturebya.com\/index.php?rest_route=%2Fwp%2Fv2%2Fproduct_cat&post=11419"},{"taxonomy":"product_tag","embeddable":true,"href":"https:\/\/www.signaturebya.com\/index.php?rest_route=%2Fwp%2Fv2%2Fproduct_tag&post=11419"}],"curies":[{"name":"wp","href":"https:\/\/api.w.org\/{rel}","templated":true}]}}