{"id":11426,"date":"2024-09-02T09:05:54","date_gmt":"2024-09-02T08:05:54","guid":{"rendered":"https:\/\/www.signaturebya.com\/?post_type=product&#038;p=11426"},"modified":"2024-11-23T20:27:45","modified_gmt":"2024-11-23T19:27:45","slug":"citrouille-a-rayures","status":"publish","type":"product","link":"https:\/\/www.signaturebya.com\/?product=citrouille-a-rayures","title":{"rendered":"Citrouille \u00e0 Rayures"},"content":{"rendered":"","protected":false},"excerpt":{"rendered":"<p>De tr\u00e8s belles pi\u00e8ces d\u00e9corative \u00e0 placer id\u00e9alement sur une console d&rsquo;entr\u00e9e ou sur une table basse.<\/p>\n<p>Disponibles en deux dimensions:<\/p>\n<p class=\"p1\">27*27*11.5 cm<\/p>\n<p class=\"p1\">32*30*18 cm<\/p>\n<p>&nbsp;<\/p>\n","protected":false},"featured_media":11435,"comment_status":"open","ping_status":"closed","template":"","meta":[],"product_cat":[103,105,284,223],"product_tag":[],"_links":{"self":[{"href":"https:\/\/www.signaturebya.com\/index.php?rest_route=\/wp\/v2\/product\/11426"}],"collection":[{"href":"https:\/\/www.signaturebya.com\/index.php?rest_route=\/wp\/v2\/product"}],"about":[{"href":"https:\/\/www.signaturebya.com\/index.php?rest_route=\/wp\/v2\/types\/product"}],"replies":[{"embeddable":true,"href":"https:\/\/www.signaturebya.com\/index.php?rest_route=%2Fwp%2Fv2%2Fcomments&post=11426"}],"wp:featuredmedia":[{"embeddable":true,"href":"https:\/\/www.signaturebya.com\/index.php?rest_route=\/wp\/v2\/media\/11435"}],"wp:attachment":[{"href":"https:\/\/www.signaturebya.com\/index.php?rest_route=%2Fwp%2Fv2%2Fmedia&parent=11426"}],"wp:term":[{"taxonomy":"product_cat","embeddable":true,"href":"https:\/\/www.signaturebya.com\/index.php?rest_route=%2Fwp%2Fv2%2Fproduct_cat&post=11426"},{"taxonomy":"product_tag","embeddable":true,"href":"https:\/\/www.signaturebya.com\/index.php?rest_route=%2Fwp%2Fv2%2Fproduct_tag&post=11426"}],"curies":[{"name":"wp","href":"https:\/\/api.w.org\/{rel}","templated":true}]}}