{"id":11452,"date":"2024-09-02T16:22:28","date_gmt":"2024-09-02T15:22:28","guid":{"rendered":"https:\/\/www.signaturebya.com\/?post_type=product&#038;p=11452"},"modified":"2024-09-02T16:34:42","modified_gmt":"2024-09-02T15:34:42","slug":"petit-docteur-a-lunettes-en-metal","status":"publish","type":"product","link":"https:\/\/www.signaturebya.com\/?product=petit-docteur-a-lunettes-en-metal","title":{"rendered":"Petit Docteur \u00e0 Lunettes en M\u00e9tal"},"content":{"rendered":"","protected":false},"excerpt":{"rendered":"<p>Le docteur en ciment avec lunettes en m\u00e9tal est un article d\u00e9co original et id\u00e9al \u00e0 offrir.<\/p>\n<p>Disponible en deux dimensions:<\/p>\n<p class=\"p1\">8.5*8.5*11 cm<\/p>\n<p class=\"p1\">12.5*12.5*16 cm<\/p>\n","protected":false},"featured_media":11457,"comment_status":"open","ping_status":"closed","template":"","meta":[],"product_cat":[103,105,222,284],"product_tag":[],"_links":{"self":[{"href":"https:\/\/www.signaturebya.com\/index.php?rest_route=\/wp\/v2\/product\/11452"}],"collection":[{"href":"https:\/\/www.signaturebya.com\/index.php?rest_route=\/wp\/v2\/product"}],"about":[{"href":"https:\/\/www.signaturebya.com\/index.php?rest_route=\/wp\/v2\/types\/product"}],"replies":[{"embeddable":true,"href":"https:\/\/www.signaturebya.com\/index.php?rest_route=%2Fwp%2Fv2%2Fcomments&post=11452"}],"wp:featuredmedia":[{"embeddable":true,"href":"https:\/\/www.signaturebya.com\/index.php?rest_route=\/wp\/v2\/media\/11457"}],"wp:attachment":[{"href":"https:\/\/www.signaturebya.com\/index.php?rest_route=%2Fwp%2Fv2%2Fmedia&parent=11452"}],"wp:term":[{"taxonomy":"product_cat","embeddable":true,"href":"https:\/\/www.signaturebya.com\/index.php?rest_route=%2Fwp%2Fv2%2Fproduct_cat&post=11452"},{"taxonomy":"product_tag","embeddable":true,"href":"https:\/\/www.signaturebya.com\/index.php?rest_route=%2Fwp%2Fv2%2Fproduct_tag&post=11452"}],"curies":[{"name":"wp","href":"https:\/\/api.w.org\/{rel}","templated":true}]}}