{"id":11528,"date":"2024-09-05T16:43:01","date_gmt":"2024-09-05T15:43:01","guid":{"rendered":"https:\/\/www.signaturebya.com\/?post_type=product&#038;p=11528"},"modified":"2025-05-09T08:30:54","modified_gmt":"2025-05-09T07:30:54","slug":"looking-up-dog-en-resine","status":"publish","type":"product","link":"https:\/\/www.signaturebya.com\/?product=looking-up-dog-en-resine","title":{"rendered":"Looking Up Dog en R\u00e9sine"},"content":{"rendered":"","protected":false},"excerpt":{"rendered":"<p>Un article d\u00e9co fun et original en r\u00e9sine.<\/p>\n<p>Dimensions: 19.6*10*15.8 cm<\/p>\n<p>&nbsp;<\/p>\n","protected":false},"featured_media":11532,"comment_status":"open","ping_status":"closed","template":"","meta":[],"product_cat":[103,105,222,284],"product_tag":[],"_links":{"self":[{"href":"https:\/\/www.signaturebya.com\/index.php?rest_route=\/wp\/v2\/product\/11528"}],"collection":[{"href":"https:\/\/www.signaturebya.com\/index.php?rest_route=\/wp\/v2\/product"}],"about":[{"href":"https:\/\/www.signaturebya.com\/index.php?rest_route=\/wp\/v2\/types\/product"}],"replies":[{"embeddable":true,"href":"https:\/\/www.signaturebya.com\/index.php?rest_route=%2Fwp%2Fv2%2Fcomments&post=11528"}],"wp:featuredmedia":[{"embeddable":true,"href":"https:\/\/www.signaturebya.com\/index.php?rest_route=\/wp\/v2\/media\/11532"}],"wp:attachment":[{"href":"https:\/\/www.signaturebya.com\/index.php?rest_route=%2Fwp%2Fv2%2Fmedia&parent=11528"}],"wp:term":[{"taxonomy":"product_cat","embeddable":true,"href":"https:\/\/www.signaturebya.com\/index.php?rest_route=%2Fwp%2Fv2%2Fproduct_cat&post=11528"},{"taxonomy":"product_tag","embeddable":true,"href":"https:\/\/www.signaturebya.com\/index.php?rest_route=%2Fwp%2Fv2%2Fproduct_tag&post=11528"}],"curies":[{"name":"wp","href":"https:\/\/api.w.org\/{rel}","templated":true}]}}