{"id":11535,"date":"2024-09-05T17:33:35","date_gmt":"2024-09-05T16:33:35","guid":{"rendered":"https:\/\/www.signaturebya.com\/?post_type=product&#038;p=11535"},"modified":"2025-05-09T08:31:08","modified_gmt":"2025-05-09T07:31:08","slug":"chat-golden-face-en-resine","status":"publish","type":"product","link":"https:\/\/www.signaturebya.com\/?product=chat-golden-face-en-resine","title":{"rendered":"Chat &lsquo;Golden Face&rsquo; en R\u00e9sine"},"content":{"rendered":"","protected":false},"excerpt":{"rendered":"<p>Un article d\u00e9co fun et original en r\u00e9sine.<\/p>\n<p>Disponible en deux dimensions:<\/p>\n<p class=\"p1\">14.8*6*16.2 cm<\/p>\n<p class=\"p1\">16.3*6*22 cm<\/p>\n<p>&nbsp;<\/p>\n","protected":false},"featured_media":11538,"comment_status":"open","ping_status":"closed","template":"","meta":[],"product_cat":[103,105,222,284,223],"product_tag":[],"_links":{"self":[{"href":"https:\/\/www.signaturebya.com\/index.php?rest_route=\/wp\/v2\/product\/11535"}],"collection":[{"href":"https:\/\/www.signaturebya.com\/index.php?rest_route=\/wp\/v2\/product"}],"about":[{"href":"https:\/\/www.signaturebya.com\/index.php?rest_route=\/wp\/v2\/types\/product"}],"replies":[{"embeddable":true,"href":"https:\/\/www.signaturebya.com\/index.php?rest_route=%2Fwp%2Fv2%2Fcomments&post=11535"}],"wp:featuredmedia":[{"embeddable":true,"href":"https:\/\/www.signaturebya.com\/index.php?rest_route=\/wp\/v2\/media\/11538"}],"wp:attachment":[{"href":"https:\/\/www.signaturebya.com\/index.php?rest_route=%2Fwp%2Fv2%2Fmedia&parent=11535"}],"wp:term":[{"taxonomy":"product_cat","embeddable":true,"href":"https:\/\/www.signaturebya.com\/index.php?rest_route=%2Fwp%2Fv2%2Fproduct_cat&post=11535"},{"taxonomy":"product_tag","embeddable":true,"href":"https:\/\/www.signaturebya.com\/index.php?rest_route=%2Fwp%2Fv2%2Fproduct_tag&post=11535"}],"curies":[{"name":"wp","href":"https:\/\/api.w.org\/{rel}","templated":true}]}}