{"id":11543,"date":"2024-09-05T18:38:36","date_gmt":"2024-09-05T17:38:36","guid":{"rendered":"https:\/\/www.signaturebya.com\/?post_type=product&#038;p=11543"},"modified":"2024-09-05T19:11:19","modified_gmt":"2024-09-05T18:11:19","slug":"le-hippo-en-resine","status":"publish","type":"product","link":"https:\/\/www.signaturebya.com\/?product=le-hippo-en-resine","title":{"rendered":"Le &lsquo;Hippo&rsquo; en R\u00e9sine"},"content":{"rendered":"","protected":false},"excerpt":{"rendered":"<p>Tr\u00e8s joli Hippopotame en r\u00e9sine, minimaliste et chic.<\/p>\n<p>Dimensions:<\/p>\n<p>17.6*8.2*10.3 cm<\/p>\n<p>&nbsp;<\/p>\n","protected":false},"featured_media":11546,"comment_status":"open","ping_status":"closed","template":"","meta":[],"product_cat":[103,105,222,284,223],"product_tag":[],"_links":{"self":[{"href":"https:\/\/www.signaturebya.com\/index.php?rest_route=\/wp\/v2\/product\/11543"}],"collection":[{"href":"https:\/\/www.signaturebya.com\/index.php?rest_route=\/wp\/v2\/product"}],"about":[{"href":"https:\/\/www.signaturebya.com\/index.php?rest_route=\/wp\/v2\/types\/product"}],"replies":[{"embeddable":true,"href":"https:\/\/www.signaturebya.com\/index.php?rest_route=%2Fwp%2Fv2%2Fcomments&post=11543"}],"wp:featuredmedia":[{"embeddable":true,"href":"https:\/\/www.signaturebya.com\/index.php?rest_route=\/wp\/v2\/media\/11546"}],"wp:attachment":[{"href":"https:\/\/www.signaturebya.com\/index.php?rest_route=%2Fwp%2Fv2%2Fmedia&parent=11543"}],"wp:term":[{"taxonomy":"product_cat","embeddable":true,"href":"https:\/\/www.signaturebya.com\/index.php?rest_route=%2Fwp%2Fv2%2Fproduct_cat&post=11543"},{"taxonomy":"product_tag","embeddable":true,"href":"https:\/\/www.signaturebya.com\/index.php?rest_route=%2Fwp%2Fv2%2Fproduct_tag&post=11543"}],"curies":[{"name":"wp","href":"https:\/\/api.w.org\/{rel}","templated":true}]}}