{"id":11577,"date":"2024-09-08T09:46:48","date_gmt":"2024-09-08T08:46:48","guid":{"rendered":"https:\/\/www.signaturebya.com\/?post_type=product&#038;p=11577"},"modified":"2024-09-08T09:58:48","modified_gmt":"2024-09-08T08:58:48","slug":"sculpture-stone-blanche-en-resine","status":"publish","type":"product","link":"https:\/\/www.signaturebya.com\/?product=sculpture-stone-blanche-en-resine","title":{"rendered":"Sculpture &lsquo;Stone&rsquo; Blanche en R\u00e9sine"},"content":{"rendered":"","protected":false},"excerpt":{"rendered":"<p>Tr\u00e8s belle sculpture en r\u00e9sine \u00e0 disposer sur une console d&rsquo;entr\u00e9e ou sur une biblioth\u00e8que.<\/p>\n<p class=\"p1\">Dimensions:<\/p>\n<p class=\"p1\">32*11.5*39 cm<\/p>\n","protected":false},"featured_media":11586,"comment_status":"open","ping_status":"closed","template":"","meta":[],"product_cat":[103,105,222,284,223],"product_tag":[],"_links":{"self":[{"href":"https:\/\/www.signaturebya.com\/index.php?rest_route=\/wp\/v2\/product\/11577"}],"collection":[{"href":"https:\/\/www.signaturebya.com\/index.php?rest_route=\/wp\/v2\/product"}],"about":[{"href":"https:\/\/www.signaturebya.com\/index.php?rest_route=\/wp\/v2\/types\/product"}],"replies":[{"embeddable":true,"href":"https:\/\/www.signaturebya.com\/index.php?rest_route=%2Fwp%2Fv2%2Fcomments&post=11577"}],"wp:featuredmedia":[{"embeddable":true,"href":"https:\/\/www.signaturebya.com\/index.php?rest_route=\/wp\/v2\/media\/11586"}],"wp:attachment":[{"href":"https:\/\/www.signaturebya.com\/index.php?rest_route=%2Fwp%2Fv2%2Fmedia&parent=11577"}],"wp:term":[{"taxonomy":"product_cat","embeddable":true,"href":"https:\/\/www.signaturebya.com\/index.php?rest_route=%2Fwp%2Fv2%2Fproduct_cat&post=11577"},{"taxonomy":"product_tag","embeddable":true,"href":"https:\/\/www.signaturebya.com\/index.php?rest_route=%2Fwp%2Fv2%2Fproduct_tag&post=11577"}],"curies":[{"name":"wp","href":"https:\/\/api.w.org\/{rel}","templated":true}]}}