{"id":11603,"date":"2024-09-08T10:19:23","date_gmt":"2024-09-08T09:19:23","guid":{"rendered":"https:\/\/www.signaturebya.com\/?post_type=product&#038;p=11603"},"modified":"2024-09-08T10:31:13","modified_gmt":"2024-09-08T09:31:13","slug":"sculpture-block-silver-en-resine","status":"publish","type":"product","link":"https:\/\/www.signaturebya.com\/?product=sculpture-block-silver-en-resine","title":{"rendered":"Sculpture &lsquo;Block&rsquo; Silver en R\u00e9sine"},"content":{"rendered":"","protected":false},"excerpt":{"rendered":"<p>Tr\u00e8s belle sculpture en r\u00e9sine \u00e0 disposer sur une \u00e9tag\u00e8re de biblioth\u00e8que:<\/p>\n<p>Dimensions:<\/p>\n<p class=\"p1\">9*9*42 cm<\/p>\n","protected":false},"featured_media":11610,"comment_status":"open","ping_status":"closed","template":"","meta":[],"product_cat":[103,105,222,284,223],"product_tag":[],"_links":{"self":[{"href":"https:\/\/www.signaturebya.com\/index.php?rest_route=\/wp\/v2\/product\/11603"}],"collection":[{"href":"https:\/\/www.signaturebya.com\/index.php?rest_route=\/wp\/v2\/product"}],"about":[{"href":"https:\/\/www.signaturebya.com\/index.php?rest_route=\/wp\/v2\/types\/product"}],"replies":[{"embeddable":true,"href":"https:\/\/www.signaturebya.com\/index.php?rest_route=%2Fwp%2Fv2%2Fcomments&post=11603"}],"wp:featuredmedia":[{"embeddable":true,"href":"https:\/\/www.signaturebya.com\/index.php?rest_route=\/wp\/v2\/media\/11610"}],"wp:attachment":[{"href":"https:\/\/www.signaturebya.com\/index.php?rest_route=%2Fwp%2Fv2%2Fmedia&parent=11603"}],"wp:term":[{"taxonomy":"product_cat","embeddable":true,"href":"https:\/\/www.signaturebya.com\/index.php?rest_route=%2Fwp%2Fv2%2Fproduct_cat&post=11603"},{"taxonomy":"product_tag","embeddable":true,"href":"https:\/\/www.signaturebya.com\/index.php?rest_route=%2Fwp%2Fv2%2Fproduct_tag&post=11603"}],"curies":[{"name":"wp","href":"https:\/\/api.w.org\/{rel}","templated":true}]}}