{"id":11612,"date":"2024-09-08T10:32:40","date_gmt":"2024-09-08T09:32:40","guid":{"rendered":"https:\/\/www.signaturebya.com\/?post_type=product&#038;p=11612"},"modified":"2025-06-12T20:59:56","modified_gmt":"2025-06-12T19:59:56","slug":"sculpture-tangled-doree-en-resine","status":"publish","type":"product","link":"https:\/\/www.signaturebya.com\/?product=sculpture-tangled-doree-en-resine","title":{"rendered":"Sculpture &lsquo;Tangled&rsquo; Dor\u00e9e en R\u00e9sine"},"content":{"rendered":"","protected":false},"excerpt":{"rendered":"<p>Tr\u00e8s belle sculpture en r\u00e9sine \u00e0 disposer sur une \u00e9tag\u00e8re de biblioth\u00e8que:<\/p>\n<p>Dimensions:<\/p>\n<p class=\"p1\">25.5*18*31cm<\/p>\n","protected":false},"featured_media":11616,"comment_status":"open","ping_status":"closed","template":"","meta":[],"product_cat":[103,105,222,284,223],"product_tag":[],"_links":{"self":[{"href":"https:\/\/www.signaturebya.com\/index.php?rest_route=\/wp\/v2\/product\/11612"}],"collection":[{"href":"https:\/\/www.signaturebya.com\/index.php?rest_route=\/wp\/v2\/product"}],"about":[{"href":"https:\/\/www.signaturebya.com\/index.php?rest_route=\/wp\/v2\/types\/product"}],"replies":[{"embeddable":true,"href":"https:\/\/www.signaturebya.com\/index.php?rest_route=%2Fwp%2Fv2%2Fcomments&post=11612"}],"wp:featuredmedia":[{"embeddable":true,"href":"https:\/\/www.signaturebya.com\/index.php?rest_route=\/wp\/v2\/media\/11616"}],"wp:attachment":[{"href":"https:\/\/www.signaturebya.com\/index.php?rest_route=%2Fwp%2Fv2%2Fmedia&parent=11612"}],"wp:term":[{"taxonomy":"product_cat","embeddable":true,"href":"https:\/\/www.signaturebya.com\/index.php?rest_route=%2Fwp%2Fv2%2Fproduct_cat&post=11612"},{"taxonomy":"product_tag","embeddable":true,"href":"https:\/\/www.signaturebya.com\/index.php?rest_route=%2Fwp%2Fv2%2Fproduct_tag&post=11612"}],"curies":[{"name":"wp","href":"https:\/\/api.w.org\/{rel}","templated":true}]}}