{"id":11618,"date":"2024-09-08T11:17:41","date_gmt":"2024-09-08T10:17:41","guid":{"rendered":"https:\/\/www.signaturebya.com\/?post_type=product&#038;p=11618"},"modified":"2025-05-09T08:30:52","modified_gmt":"2025-05-09T07:30:52","slug":"le-free-dancer-argente","status":"publish","type":"product","link":"https:\/\/www.signaturebya.com\/?product=le-free-dancer-argente","title":{"rendered":"Le &lsquo;Free Dancer&rsquo; Argent\u00e9"},"content":{"rendered":"","protected":false},"excerpt":{"rendered":"<p>Le &lsquo;Free Dancer&rsquo; est un article d\u00e9co original en plus d&rsquo;\u00eatre une excellente id\u00e9e cadeau.<\/p>\n<p>Dimensions:<\/p>\n<p class=\"p1\">23*8* 33.3 cm<\/p>\n","protected":false},"featured_media":11622,"comment_status":"open","ping_status":"closed","template":"","meta":[],"product_cat":[103,105,222,284,188],"product_tag":[],"_links":{"self":[{"href":"https:\/\/www.signaturebya.com\/index.php?rest_route=\/wp\/v2\/product\/11618"}],"collection":[{"href":"https:\/\/www.signaturebya.com\/index.php?rest_route=\/wp\/v2\/product"}],"about":[{"href":"https:\/\/www.signaturebya.com\/index.php?rest_route=\/wp\/v2\/types\/product"}],"replies":[{"embeddable":true,"href":"https:\/\/www.signaturebya.com\/index.php?rest_route=%2Fwp%2Fv2%2Fcomments&post=11618"}],"wp:featuredmedia":[{"embeddable":true,"href":"https:\/\/www.signaturebya.com\/index.php?rest_route=\/wp\/v2\/media\/11622"}],"wp:attachment":[{"href":"https:\/\/www.signaturebya.com\/index.php?rest_route=%2Fwp%2Fv2%2Fmedia&parent=11618"}],"wp:term":[{"taxonomy":"product_cat","embeddable":true,"href":"https:\/\/www.signaturebya.com\/index.php?rest_route=%2Fwp%2Fv2%2Fproduct_cat&post=11618"},{"taxonomy":"product_tag","embeddable":true,"href":"https:\/\/www.signaturebya.com\/index.php?rest_route=%2Fwp%2Fv2%2Fproduct_tag&post=11618"}],"curies":[{"name":"wp","href":"https:\/\/api.w.org\/{rel}","templated":true}]}}