{"id":11658,"date":"2024-09-09T17:11:15","date_gmt":"2024-09-09T16:11:15","guid":{"rendered":"https:\/\/www.signaturebya.com\/?post_type=product&#038;p=11658"},"modified":"2024-09-23T09:33:05","modified_gmt":"2024-09-23T08:33:05","slug":"le-stone-like-en-resine","status":"publish","type":"product","link":"https:\/\/www.signaturebya.com\/?product=le-stone-like-en-resine","title":{"rendered":"Le &lsquo;Stone Like&rsquo; en R\u00e9sine"},"content":{"rendered":"","protected":false},"excerpt":{"rendered":"<p>Des pi\u00e8ces uniques, sublimes et originales \u00e0 avoir absolument chez soi, ou \u00e0 offrir.<\/p>\n<p>Disponibles en deux dimensions:<\/p>\n<p class=\"p1\">17.5*13.2*20.5 cm<\/p>\n<p class=\"p1\">13.4*12.5*26 cm<\/p>\n","protected":false},"featured_media":11665,"comment_status":"open","ping_status":"closed","template":"","meta":[],"product_cat":[103,119,105,284],"product_tag":[],"_links":{"self":[{"href":"https:\/\/www.signaturebya.com\/index.php?rest_route=\/wp\/v2\/product\/11658"}],"collection":[{"href":"https:\/\/www.signaturebya.com\/index.php?rest_route=\/wp\/v2\/product"}],"about":[{"href":"https:\/\/www.signaturebya.com\/index.php?rest_route=\/wp\/v2\/types\/product"}],"replies":[{"embeddable":true,"href":"https:\/\/www.signaturebya.com\/index.php?rest_route=%2Fwp%2Fv2%2Fcomments&post=11658"}],"wp:featuredmedia":[{"embeddable":true,"href":"https:\/\/www.signaturebya.com\/index.php?rest_route=\/wp\/v2\/media\/11665"}],"wp:attachment":[{"href":"https:\/\/www.signaturebya.com\/index.php?rest_route=%2Fwp%2Fv2%2Fmedia&parent=11658"}],"wp:term":[{"taxonomy":"product_cat","embeddable":true,"href":"https:\/\/www.signaturebya.com\/index.php?rest_route=%2Fwp%2Fv2%2Fproduct_cat&post=11658"},{"taxonomy":"product_tag","embeddable":true,"href":"https:\/\/www.signaturebya.com\/index.php?rest_route=%2Fwp%2Fv2%2Fproduct_tag&post=11658"}],"curies":[{"name":"wp","href":"https:\/\/api.w.org\/{rel}","templated":true}]}}