{"id":11671,"date":"2024-09-09T17:12:11","date_gmt":"2024-09-09T16:12:11","guid":{"rendered":"https:\/\/www.signaturebya.com\/?post_type=product&#038;p=11671"},"modified":"2025-05-09T07:35:05","modified_gmt":"2025-05-09T06:35:05","slug":"sculpture-reunion-en-resine-avec-boule-en-cristal","status":"publish","type":"product","link":"https:\/\/www.signaturebya.com\/?product=sculpture-reunion-en-resine-avec-boule-en-cristal","title":{"rendered":"Sculpture &lsquo;R\u00e9union&rsquo; en R\u00e9sine avec Boule en Cristal"},"content":{"rendered":"","protected":false},"excerpt":{"rendered":"<p>Tr\u00e8s belle sculpture en r\u00e9sine avec boule en cristal.<\/p>\n<p>Dimensions:<\/p>\n<p class=\"p1\">14.8*12.5*26.3 cm<\/p>\n<p>&nbsp;<\/p>\n","protected":false},"featured_media":11673,"comment_status":"open","ping_status":"closed","template":"","meta":[],"product_cat":[103,119,105,222,284,223],"product_tag":[],"_links":{"self":[{"href":"https:\/\/www.signaturebya.com\/index.php?rest_route=\/wp\/v2\/product\/11671"}],"collection":[{"href":"https:\/\/www.signaturebya.com\/index.php?rest_route=\/wp\/v2\/product"}],"about":[{"href":"https:\/\/www.signaturebya.com\/index.php?rest_route=\/wp\/v2\/types\/product"}],"replies":[{"embeddable":true,"href":"https:\/\/www.signaturebya.com\/index.php?rest_route=%2Fwp%2Fv2%2Fcomments&post=11671"}],"wp:featuredmedia":[{"embeddable":true,"href":"https:\/\/www.signaturebya.com\/index.php?rest_route=\/wp\/v2\/media\/11673"}],"wp:attachment":[{"href":"https:\/\/www.signaturebya.com\/index.php?rest_route=%2Fwp%2Fv2%2Fmedia&parent=11671"}],"wp:term":[{"taxonomy":"product_cat","embeddable":true,"href":"https:\/\/www.signaturebya.com\/index.php?rest_route=%2Fwp%2Fv2%2Fproduct_cat&post=11671"},{"taxonomy":"product_tag","embeddable":true,"href":"https:\/\/www.signaturebya.com\/index.php?rest_route=%2Fwp%2Fv2%2Fproduct_tag&post=11671"}],"curies":[{"name":"wp","href":"https:\/\/api.w.org\/{rel}","templated":true}]}}