{"id":11676,"date":"2024-09-09T17:36:52","date_gmt":"2024-09-09T16:36:52","guid":{"rendered":"https:\/\/www.signaturebya.com\/?post_type=product&#038;p=11676"},"modified":"2025-05-09T08:30:46","modified_gmt":"2025-05-09T07:30:46","slug":"grande-sculpture-embrace-argentee","status":"publish","type":"product","link":"https:\/\/www.signaturebya.com\/?product=grande-sculpture-embrace-argentee","title":{"rendered":"Grande Sculpture &lsquo;Embrace&rsquo; Argent\u00e9e"},"content":{"rendered":"","protected":false},"excerpt":{"rendered":"<p>Magnifique et imposante Sculpture Argent\u00e9e d&rsquo;un couple enlac\u00e9.<\/p>\n<p>Dimensions:<\/p>\n<p class=\"p1\">15*15*70.7 cm<\/p>\n<p>&nbsp;<\/p>\n","protected":false},"featured_media":11679,"comment_status":"open","ping_status":"closed","template":"","meta":[],"product_cat":[103,119,105,222,284,223],"product_tag":[],"_links":{"self":[{"href":"https:\/\/www.signaturebya.com\/index.php?rest_route=\/wp\/v2\/product\/11676"}],"collection":[{"href":"https:\/\/www.signaturebya.com\/index.php?rest_route=\/wp\/v2\/product"}],"about":[{"href":"https:\/\/www.signaturebya.com\/index.php?rest_route=\/wp\/v2\/types\/product"}],"replies":[{"embeddable":true,"href":"https:\/\/www.signaturebya.com\/index.php?rest_route=%2Fwp%2Fv2%2Fcomments&post=11676"}],"wp:featuredmedia":[{"embeddable":true,"href":"https:\/\/www.signaturebya.com\/index.php?rest_route=\/wp\/v2\/media\/11679"}],"wp:attachment":[{"href":"https:\/\/www.signaturebya.com\/index.php?rest_route=%2Fwp%2Fv2%2Fmedia&parent=11676"}],"wp:term":[{"taxonomy":"product_cat","embeddable":true,"href":"https:\/\/www.signaturebya.com\/index.php?rest_route=%2Fwp%2Fv2%2Fproduct_cat&post=11676"},{"taxonomy":"product_tag","embeddable":true,"href":"https:\/\/www.signaturebya.com\/index.php?rest_route=%2Fwp%2Fv2%2Fproduct_tag&post=11676"}],"curies":[{"name":"wp","href":"https:\/\/api.w.org\/{rel}","templated":true}]}}