{"id":11683,"date":"2024-09-09T17:49:23","date_gmt":"2024-09-09T16:49:23","guid":{"rendered":"https:\/\/www.signaturebya.com\/?post_type=product&#038;p=11683"},"modified":"2025-03-05T16:45:21","modified_gmt":"2025-03-05T15:45:21","slug":"grande-silhouette-blanche-en-resine","status":"publish","type":"product","link":"https:\/\/www.signaturebya.com\/?product=grande-silhouette-blanche-en-resine","title":{"rendered":"Grande Silhouette Blanche en R\u00e9sine"},"content":{"rendered":"","protected":false},"excerpt":{"rendered":"<p>Aussi fine qu&rsquo;\u00e9l\u00e9gante, cette sculpture est tout \u00e0 fait charmante.<\/p>\n<p>Dimensions:<\/p>\n<p class=\"p1\">31*19.7*73 cm<\/p>\n<p>&nbsp;<\/p>\n","protected":false},"featured_media":11686,"comment_status":"open","ping_status":"closed","template":"","meta":[],"product_cat":[103,119,105,222,284,223],"product_tag":[],"_links":{"self":[{"href":"https:\/\/www.signaturebya.com\/index.php?rest_route=\/wp\/v2\/product\/11683"}],"collection":[{"href":"https:\/\/www.signaturebya.com\/index.php?rest_route=\/wp\/v2\/product"}],"about":[{"href":"https:\/\/www.signaturebya.com\/index.php?rest_route=\/wp\/v2\/types\/product"}],"replies":[{"embeddable":true,"href":"https:\/\/www.signaturebya.com\/index.php?rest_route=%2Fwp%2Fv2%2Fcomments&post=11683"}],"wp:featuredmedia":[{"embeddable":true,"href":"https:\/\/www.signaturebya.com\/index.php?rest_route=\/wp\/v2\/media\/11686"}],"wp:attachment":[{"href":"https:\/\/www.signaturebya.com\/index.php?rest_route=%2Fwp%2Fv2%2Fmedia&parent=11683"}],"wp:term":[{"taxonomy":"product_cat","embeddable":true,"href":"https:\/\/www.signaturebya.com\/index.php?rest_route=%2Fwp%2Fv2%2Fproduct_cat&post=11683"},{"taxonomy":"product_tag","embeddable":true,"href":"https:\/\/www.signaturebya.com\/index.php?rest_route=%2Fwp%2Fv2%2Fproduct_tag&post=11683"}],"curies":[{"name":"wp","href":"https:\/\/api.w.org\/{rel}","templated":true}]}}