{"id":11691,"date":"2024-09-10T08:27:34","date_gmt":"2024-09-10T07:27:34","guid":{"rendered":"https:\/\/www.signaturebya.com\/?post_type=product&#038;p=11691"},"modified":"2025-05-09T08:30:47","modified_gmt":"2025-05-09T07:30:47","slug":"noeud-en-verre-marron","status":"publish","type":"product","link":"https:\/\/www.signaturebya.com\/?product=noeud-en-verre-marron","title":{"rendered":"Noeud en Verre Marron"},"content":{"rendered":"","protected":false},"excerpt":{"rendered":"<p>Tr\u00e8s joli noeud en verre marron, \u00e0 mettre sur un livre d\u00e9coratif, sur une jolie table basse.<\/p>\n<p>Dimensions:<\/p>\n<p class=\"p1\">22*11.5*10 cm<\/p>\n","protected":false},"featured_media":11689,"comment_status":"open","ping_status":"closed","template":"","meta":[],"product_cat":[103,105,106,284,113],"product_tag":[],"_links":{"self":[{"href":"https:\/\/www.signaturebya.com\/index.php?rest_route=\/wp\/v2\/product\/11691"}],"collection":[{"href":"https:\/\/www.signaturebya.com\/index.php?rest_route=\/wp\/v2\/product"}],"about":[{"href":"https:\/\/www.signaturebya.com\/index.php?rest_route=\/wp\/v2\/types\/product"}],"replies":[{"embeddable":true,"href":"https:\/\/www.signaturebya.com\/index.php?rest_route=%2Fwp%2Fv2%2Fcomments&post=11691"}],"wp:featuredmedia":[{"embeddable":true,"href":"https:\/\/www.signaturebya.com\/index.php?rest_route=\/wp\/v2\/media\/11689"}],"wp:attachment":[{"href":"https:\/\/www.signaturebya.com\/index.php?rest_route=%2Fwp%2Fv2%2Fmedia&parent=11691"}],"wp:term":[{"taxonomy":"product_cat","embeddable":true,"href":"https:\/\/www.signaturebya.com\/index.php?rest_route=%2Fwp%2Fv2%2Fproduct_cat&post=11691"},{"taxonomy":"product_tag","embeddable":true,"href":"https:\/\/www.signaturebya.com\/index.php?rest_route=%2Fwp%2Fv2%2Fproduct_tag&post=11691"}],"curies":[{"name":"wp","href":"https:\/\/api.w.org\/{rel}","templated":true}]}}