{"id":11711,"date":"2024-09-11T07:51:15","date_gmt":"2024-09-11T06:51:15","guid":{"rendered":"https:\/\/www.signaturebya.com\/?post_type=product&#038;p=11711"},"modified":"2024-09-11T07:51:40","modified_gmt":"2024-09-11T06:51:40","slug":"echiquier-en-cristal","status":"publish","type":"product","link":"https:\/\/www.signaturebya.com\/?product=echiquier-en-cristal","title":{"rendered":"\u00c9chiquier en Cristal"},"content":{"rendered":"","protected":false},"excerpt":{"rendered":"<p>Cet \u00e9chiquier enti\u00e8rement fait en cristal est tout simplement majestueux.<\/p>\n<p>Dimensions: 35.3*35.3*6.2 cm<\/p>\n","protected":false},"featured_media":11716,"comment_status":"open","ping_status":"closed","template":"","meta":[],"product_cat":[103,105,107,284,113,111],"product_tag":[],"_links":{"self":[{"href":"https:\/\/www.signaturebya.com\/index.php?rest_route=\/wp\/v2\/product\/11711"}],"collection":[{"href":"https:\/\/www.signaturebya.com\/index.php?rest_route=\/wp\/v2\/product"}],"about":[{"href":"https:\/\/www.signaturebya.com\/index.php?rest_route=\/wp\/v2\/types\/product"}],"replies":[{"embeddable":true,"href":"https:\/\/www.signaturebya.com\/index.php?rest_route=%2Fwp%2Fv2%2Fcomments&post=11711"}],"wp:featuredmedia":[{"embeddable":true,"href":"https:\/\/www.signaturebya.com\/index.php?rest_route=\/wp\/v2\/media\/11716"}],"wp:attachment":[{"href":"https:\/\/www.signaturebya.com\/index.php?rest_route=%2Fwp%2Fv2%2Fmedia&parent=11711"}],"wp:term":[{"taxonomy":"product_cat","embeddable":true,"href":"https:\/\/www.signaturebya.com\/index.php?rest_route=%2Fwp%2Fv2%2Fproduct_cat&post=11711"},{"taxonomy":"product_tag","embeddable":true,"href":"https:\/\/www.signaturebya.com\/index.php?rest_route=%2Fwp%2Fv2%2Fproduct_tag&post=11711"}],"curies":[{"name":"wp","href":"https:\/\/api.w.org\/{rel}","templated":true}]}}