{"id":11717,"date":"2024-09-11T07:52:42","date_gmt":"2024-09-11T06:52:42","guid":{"rendered":"https:\/\/www.signaturebya.com\/?post_type=product&#038;p=11717"},"modified":"2024-09-11T08:10:38","modified_gmt":"2024-09-11T07:10:38","slug":"vase-blanc-en-ceramique-a-doubles-anses","status":"publish","type":"product","link":"https:\/\/www.signaturebya.com\/?product=vase-blanc-en-ceramique-a-doubles-anses","title":{"rendered":"Vase Blanc en C\u00e9ramique \u00e0 Doubles Anses"},"content":{"rendered":"","protected":false},"excerpt":{"rendered":"<p>Des vases en c\u00e9ramique aspect naturel, une des toutes derni\u00e8res tendances d\u00e9co de la saison.<\/p>\n<p>Disponibles en deux dimensions:<\/p>\n<p class=\"p1\">13.5*9.5*21.5 cm<\/p>\n<p class=\"p1\">10*7*32 cm<\/p>\n<p>&nbsp;<\/p>\n","protected":false},"featured_media":11723,"comment_status":"open","ping_status":"closed","template":"","meta":[],"product_cat":[103,106],"product_tag":[],"_links":{"self":[{"href":"https:\/\/www.signaturebya.com\/index.php?rest_route=\/wp\/v2\/product\/11717"}],"collection":[{"href":"https:\/\/www.signaturebya.com\/index.php?rest_route=\/wp\/v2\/product"}],"about":[{"href":"https:\/\/www.signaturebya.com\/index.php?rest_route=\/wp\/v2\/types\/product"}],"replies":[{"embeddable":true,"href":"https:\/\/www.signaturebya.com\/index.php?rest_route=%2Fwp%2Fv2%2Fcomments&post=11717"}],"wp:featuredmedia":[{"embeddable":true,"href":"https:\/\/www.signaturebya.com\/index.php?rest_route=\/wp\/v2\/media\/11723"}],"wp:attachment":[{"href":"https:\/\/www.signaturebya.com\/index.php?rest_route=%2Fwp%2Fv2%2Fmedia&parent=11717"}],"wp:term":[{"taxonomy":"product_cat","embeddable":true,"href":"https:\/\/www.signaturebya.com\/index.php?rest_route=%2Fwp%2Fv2%2Fproduct_cat&post=11717"},{"taxonomy":"product_tag","embeddable":true,"href":"https:\/\/www.signaturebya.com\/index.php?rest_route=%2Fwp%2Fv2%2Fproduct_tag&post=11717"}],"curies":[{"name":"wp","href":"https:\/\/api.w.org\/{rel}","templated":true}]}}