{"id":11730,"date":"2024-09-11T08:20:46","date_gmt":"2024-09-11T07:20:46","guid":{"rendered":"https:\/\/www.signaturebya.com\/?post_type=product&#038;p=11730"},"modified":"2024-09-12T19:02:14","modified_gmt":"2024-09-12T18:02:14","slug":"vase-long-noir-bleu-en-ceramique","status":"publish","type":"product","link":"https:\/\/www.signaturebya.com\/?product=vase-long-noir-bleu-en-ceramique","title":{"rendered":"Vase Long Noir &#038; Bleu en C\u00e9ramique"},"content":{"rendered":"","protected":false},"excerpt":{"rendered":"<p>Tr\u00e8s tendance, ce vase long apporte une touche chic \u00e0 votre int\u00e9rieur.<\/p>\n<p>Dimensions:<\/p>\n<p class=\"p1\">7.5*7.5*24 cm<\/p>\n","protected":false},"featured_media":11737,"comment_status":"open","ping_status":"closed","template":"","meta":[],"product_cat":[103,104,284],"product_tag":[],"_links":{"self":[{"href":"https:\/\/www.signaturebya.com\/index.php?rest_route=\/wp\/v2\/product\/11730"}],"collection":[{"href":"https:\/\/www.signaturebya.com\/index.php?rest_route=\/wp\/v2\/product"}],"about":[{"href":"https:\/\/www.signaturebya.com\/index.php?rest_route=\/wp\/v2\/types\/product"}],"replies":[{"embeddable":true,"href":"https:\/\/www.signaturebya.com\/index.php?rest_route=%2Fwp%2Fv2%2Fcomments&post=11730"}],"wp:featuredmedia":[{"embeddable":true,"href":"https:\/\/www.signaturebya.com\/index.php?rest_route=\/wp\/v2\/media\/11737"}],"wp:attachment":[{"href":"https:\/\/www.signaturebya.com\/index.php?rest_route=%2Fwp%2Fv2%2Fmedia&parent=11730"}],"wp:term":[{"taxonomy":"product_cat","embeddable":true,"href":"https:\/\/www.signaturebya.com\/index.php?rest_route=%2Fwp%2Fv2%2Fproduct_cat&post=11730"},{"taxonomy":"product_tag","embeddable":true,"href":"https:\/\/www.signaturebya.com\/index.php?rest_route=%2Fwp%2Fv2%2Fproduct_tag&post=11730"}],"curies":[{"name":"wp","href":"https:\/\/api.w.org\/{rel}","templated":true}]}}