{"id":11738,"date":"2024-09-12T19:02:35","date_gmt":"2024-09-12T18:02:35","guid":{"rendered":"https:\/\/www.signaturebya.com\/?post_type=product&#038;p=11738"},"modified":"2024-09-12T19:04:09","modified_gmt":"2024-09-12T18:04:09","slug":"vase-long-noir-bleu-en-ceramique-col-blanc","status":"publish","type":"product","link":"https:\/\/www.signaturebya.com\/?product=vase-long-noir-bleu-en-ceramique-col-blanc","title":{"rendered":"Vase Long Noir &#038; Bleu en C\u00e9ramique Col Blanc"},"content":{"rendered":"","protected":false},"excerpt":{"rendered":"<p>Tr\u00e8s tendance, ce vase long apporte une touche chic \u00e0 votre int\u00e9rieur.<\/p>\n<p>Dimensions:<\/p>\n<p class=\"p1\">9*9*20 cm<\/p>\n","protected":false},"featured_media":11741,"comment_status":"open","ping_status":"closed","template":"","meta":[],"product_cat":[103,104,284],"product_tag":[],"_links":{"self":[{"href":"https:\/\/www.signaturebya.com\/index.php?rest_route=\/wp\/v2\/product\/11738"}],"collection":[{"href":"https:\/\/www.signaturebya.com\/index.php?rest_route=\/wp\/v2\/product"}],"about":[{"href":"https:\/\/www.signaturebya.com\/index.php?rest_route=\/wp\/v2\/types\/product"}],"replies":[{"embeddable":true,"href":"https:\/\/www.signaturebya.com\/index.php?rest_route=%2Fwp%2Fv2%2Fcomments&post=11738"}],"wp:featuredmedia":[{"embeddable":true,"href":"https:\/\/www.signaturebya.com\/index.php?rest_route=\/wp\/v2\/media\/11741"}],"wp:attachment":[{"href":"https:\/\/www.signaturebya.com\/index.php?rest_route=%2Fwp%2Fv2%2Fmedia&parent=11738"}],"wp:term":[{"taxonomy":"product_cat","embeddable":true,"href":"https:\/\/www.signaturebya.com\/index.php?rest_route=%2Fwp%2Fv2%2Fproduct_cat&post=11738"},{"taxonomy":"product_tag","embeddable":true,"href":"https:\/\/www.signaturebya.com\/index.php?rest_route=%2Fwp%2Fv2%2Fproduct_tag&post=11738"}],"curies":[{"name":"wp","href":"https:\/\/api.w.org\/{rel}","templated":true}]}}