{"id":11744,"date":"2024-09-12T19:04:31","date_gmt":"2024-09-12T18:04:31","guid":{"rendered":"https:\/\/www.signaturebya.com\/?post_type=product&#038;p=11744"},"modified":"2024-09-12T19:06:10","modified_gmt":"2024-09-12T18:06:10","slug":"vase-bleu-court-en-ceramique","status":"publish","type":"product","link":"https:\/\/www.signaturebya.com\/?product=vase-bleu-court-en-ceramique","title":{"rendered":"Vase Bleu Court en C\u00e9ramique"},"content":{"rendered":"","protected":false},"excerpt":{"rendered":"<p>Tr\u00e8s tendance, ce beau vase apporte une touche chic \u00e0 votre int\u00e9rieur.<\/p>\n<p>Dimensions:<\/p>\n<p class=\"p1\">10.5*10.5*15.5 cm<\/p>\n","protected":false},"featured_media":11745,"comment_status":"open","ping_status":"closed","template":"","meta":[],"product_cat":[103,104,284],"product_tag":[],"_links":{"self":[{"href":"https:\/\/www.signaturebya.com\/index.php?rest_route=\/wp\/v2\/product\/11744"}],"collection":[{"href":"https:\/\/www.signaturebya.com\/index.php?rest_route=\/wp\/v2\/product"}],"about":[{"href":"https:\/\/www.signaturebya.com\/index.php?rest_route=\/wp\/v2\/types\/product"}],"replies":[{"embeddable":true,"href":"https:\/\/www.signaturebya.com\/index.php?rest_route=%2Fwp%2Fv2%2Fcomments&post=11744"}],"wp:featuredmedia":[{"embeddable":true,"href":"https:\/\/www.signaturebya.com\/index.php?rest_route=\/wp\/v2\/media\/11745"}],"wp:attachment":[{"href":"https:\/\/www.signaturebya.com\/index.php?rest_route=%2Fwp%2Fv2%2Fmedia&parent=11744"}],"wp:term":[{"taxonomy":"product_cat","embeddable":true,"href":"https:\/\/www.signaturebya.com\/index.php?rest_route=%2Fwp%2Fv2%2Fproduct_cat&post=11744"},{"taxonomy":"product_tag","embeddable":true,"href":"https:\/\/www.signaturebya.com\/index.php?rest_route=%2Fwp%2Fv2%2Fproduct_tag&post=11744"}],"curies":[{"name":"wp","href":"https:\/\/api.w.org\/{rel}","templated":true}]}}