{"id":11746,"date":"2024-09-12T19:06:39","date_gmt":"2024-09-12T18:06:39","guid":{"rendered":"https:\/\/www.signaturebya.com\/?post_type=product&#038;p=11746"},"modified":"2024-09-12T19:08:07","modified_gmt":"2024-09-12T18:08:07","slug":"le-vase-mushroom-noir-a-col-blanc","status":"publish","type":"product","link":"https:\/\/www.signaturebya.com\/?product=le-vase-mushroom-noir-a-col-blanc","title":{"rendered":"Le Vase &lsquo;Mushroom&rsquo; Noir \u00e0 Col Blanc"},"content":{"rendered":"","protected":false},"excerpt":{"rendered":"<p>Tr\u00e8s tendance, ce beau vase apporte une touche chic \u00e0 votre int\u00e9rieur.<\/p>\n<p>Dimensions:<\/p>\n<p class=\"p1\">11*11*20 cm<\/p>\n","protected":false},"featured_media":11742,"comment_status":"open","ping_status":"closed","template":"","meta":[],"product_cat":[103,104,284],"product_tag":[],"_links":{"self":[{"href":"https:\/\/www.signaturebya.com\/index.php?rest_route=\/wp\/v2\/product\/11746"}],"collection":[{"href":"https:\/\/www.signaturebya.com\/index.php?rest_route=\/wp\/v2\/product"}],"about":[{"href":"https:\/\/www.signaturebya.com\/index.php?rest_route=\/wp\/v2\/types\/product"}],"replies":[{"embeddable":true,"href":"https:\/\/www.signaturebya.com\/index.php?rest_route=%2Fwp%2Fv2%2Fcomments&post=11746"}],"wp:featuredmedia":[{"embeddable":true,"href":"https:\/\/www.signaturebya.com\/index.php?rest_route=\/wp\/v2\/media\/11742"}],"wp:attachment":[{"href":"https:\/\/www.signaturebya.com\/index.php?rest_route=%2Fwp%2Fv2%2Fmedia&parent=11746"}],"wp:term":[{"taxonomy":"product_cat","embeddable":true,"href":"https:\/\/www.signaturebya.com\/index.php?rest_route=%2Fwp%2Fv2%2Fproduct_cat&post=11746"},{"taxonomy":"product_tag","embeddable":true,"href":"https:\/\/www.signaturebya.com\/index.php?rest_route=%2Fwp%2Fv2%2Fproduct_tag&post=11746"}],"curies":[{"name":"wp","href":"https:\/\/api.w.org\/{rel}","templated":true}]}}