{"id":11747,"date":"2024-09-12T19:08:25","date_gmt":"2024-09-12T18:08:25","guid":{"rendered":"https:\/\/www.signaturebya.com\/?post_type=product&#038;p=11747"},"modified":"2024-09-12T19:09:30","modified_gmt":"2024-09-12T18:09:30","slug":"le-floating-cloud-noir-en-ceramique","status":"publish","type":"product","link":"https:\/\/www.signaturebya.com\/?product=le-floating-cloud-noir-en-ceramique","title":{"rendered":"Le &lsquo;Floating Cloud&rsquo; Noir en C\u00e9ramique"},"content":{"rendered":"","protected":false},"excerpt":{"rendered":"<p>Tr\u00e8s tendance, ce beau vase apporte une touche chic \u00e0 votre int\u00e9rieur.<\/p>\n<p>Dimensions:<\/p>\n<p class=\"p1\">11*11*20 cm<\/p>\n","protected":false},"featured_media":11743,"comment_status":"open","ping_status":"closed","template":"","meta":[],"product_cat":[103,104,284],"product_tag":[],"_links":{"self":[{"href":"https:\/\/www.signaturebya.com\/index.php?rest_route=\/wp\/v2\/product\/11747"}],"collection":[{"href":"https:\/\/www.signaturebya.com\/index.php?rest_route=\/wp\/v2\/product"}],"about":[{"href":"https:\/\/www.signaturebya.com\/index.php?rest_route=\/wp\/v2\/types\/product"}],"replies":[{"embeddable":true,"href":"https:\/\/www.signaturebya.com\/index.php?rest_route=%2Fwp%2Fv2%2Fcomments&post=11747"}],"wp:featuredmedia":[{"embeddable":true,"href":"https:\/\/www.signaturebya.com\/index.php?rest_route=\/wp\/v2\/media\/11743"}],"wp:attachment":[{"href":"https:\/\/www.signaturebya.com\/index.php?rest_route=%2Fwp%2Fv2%2Fmedia&parent=11747"}],"wp:term":[{"taxonomy":"product_cat","embeddable":true,"href":"https:\/\/www.signaturebya.com\/index.php?rest_route=%2Fwp%2Fv2%2Fproduct_cat&post=11747"},{"taxonomy":"product_tag","embeddable":true,"href":"https:\/\/www.signaturebya.com\/index.php?rest_route=%2Fwp%2Fv2%2Fproduct_tag&post=11747"}],"curies":[{"name":"wp","href":"https:\/\/api.w.org\/{rel}","templated":true}]}}