{"id":11772,"date":"2024-09-15T08:46:28","date_gmt":"2024-09-15T07:46:28","guid":{"rendered":"https:\/\/www.signaturebya.com\/?post_type=product&#038;p=11772"},"modified":"2024-09-15T08:59:05","modified_gmt":"2024-09-15T07:59:05","slug":"vase-grege-a-col-etroit","status":"publish","type":"product","link":"https:\/\/www.signaturebya.com\/?product=vase-grege-a-col-etroit","title":{"rendered":"Vase Gr\u00e8ge \u00e0 Col \u00c9troit"},"content":{"rendered":"","protected":false},"excerpt":{"rendered":"<p>Ces vases sont chics et contemporain, d&rsquo;une forme originale et unique.<\/p>\n<p>Disponible en deux dimensions:<\/p>\n<p class=\"p1\">25.5*8.5*20.5 cm<\/p>\n<p class=\"p1\">33*11*25.5 cm<\/p>\n","protected":false},"featured_media":11779,"comment_status":"open","ping_status":"closed","template":"","meta":[],"product_cat":[103,104,284,112],"product_tag":[],"_links":{"self":[{"href":"https:\/\/www.signaturebya.com\/index.php?rest_route=\/wp\/v2\/product\/11772"}],"collection":[{"href":"https:\/\/www.signaturebya.com\/index.php?rest_route=\/wp\/v2\/product"}],"about":[{"href":"https:\/\/www.signaturebya.com\/index.php?rest_route=\/wp\/v2\/types\/product"}],"replies":[{"embeddable":true,"href":"https:\/\/www.signaturebya.com\/index.php?rest_route=%2Fwp%2Fv2%2Fcomments&post=11772"}],"wp:featuredmedia":[{"embeddable":true,"href":"https:\/\/www.signaturebya.com\/index.php?rest_route=\/wp\/v2\/media\/11779"}],"wp:attachment":[{"href":"https:\/\/www.signaturebya.com\/index.php?rest_route=%2Fwp%2Fv2%2Fmedia&parent=11772"}],"wp:term":[{"taxonomy":"product_cat","embeddable":true,"href":"https:\/\/www.signaturebya.com\/index.php?rest_route=%2Fwp%2Fv2%2Fproduct_cat&post=11772"},{"taxonomy":"product_tag","embeddable":true,"href":"https:\/\/www.signaturebya.com\/index.php?rest_route=%2Fwp%2Fv2%2Fproduct_tag&post=11772"}],"curies":[{"name":"wp","href":"https:\/\/api.w.org\/{rel}","templated":true}]}}